{"id":418,"date":"2021-09-29T19:17:56","date_gmt":"2021-09-29T22:17:56","guid":{"rendered":"http:\/\/everydaypattern.store\/br\/?page_id=418"},"modified":"2022-12-11T21:30:06","modified_gmt":"2022-12-12T00:30:06","slug":"picnic","status":"publish","type":"page","link":"https:\/\/everydaypattern.store\/br\/shop\/picnic\/","title":{"rendered":"Kit Picnic"},"content":{"rendered":"\n<div class=\"wp-block-columns col-full is-layout-flex wp-container-5\">\n<div class=\"wp-block-column is-vertically-aligned-center is-layout-flow\" style=\"flex-basis:40%\">\n<h3 class=\"has-text-align-right wp-block-heading\">Imperme\u00e1vel  e pr\u00e1tico<\/h3>\n\n\n\n<p class=\"has-text-align-right\">Desenvolvido para o estilo de vida Californiano, esse \u00e9 o kit perfeito para quem curte a vida ao ar livre. O tapete de picnic \u00e9 leve para carregar  mas pesado para ser levado pelo vento. <\/p>\n\n\n\n<p class=\"has-text-align-right\">F\u00e1cil de dobrar e guardar na sacola multiuso que vem inclusa. Imperme\u00e1veis e lav\u00e1veis, essa \u00e9 a combina\u00e7\u00e3o perfeita para elevar sua experi\u00eancia na natureza, seja na praia, no parque, na pra\u00e7a ou no quintal de casa.<\/p>\n\n\n\n<p class=\"has-text-align-right\"><em>Seu dia com um toque de magia!<\/em><\/p>\n<\/div>\n\n\n\n<div class=\"wp-block-column is-vertically-aligned-center is-layout-flow\" style=\"flex-basis:60%\">\n<figure class=\"wp-block-gallery has-nested-images columns-default is-cropped wp-block-gallery-2 is-layout-flex\">\n<figure class=\"wp-block-image size-large is-style-rounded\"><img decoding=\"async\" loading=\"lazy\" width=\"1024\" height=\"1024\" src=\"https:\/\/everydaypattern.store\/br\/wp-content\/uploads\/sites\/3\/2021\/03\/LavenderStyled1_square-1024x1024.jpg\" alt=\"\" class=\"wp-image-122\" srcset=\"https:\/\/everydaypattern.store\/br\/wp-content\/uploads\/sites\/3\/2021\/03\/LavenderStyled1_square-1024x1024.jpg 1024w, https:\/\/everydaypattern.store\/br\/wp-content\/uploads\/sites\/3\/2021\/03\/LavenderStyled1_square-750x750.jpg 750w, https:\/\/everydaypattern.store\/br\/wp-content\/uploads\/sites\/3\/2021\/03\/LavenderStyled1_square-300x300.jpg 300w, https:\/\/everydaypattern.store\/br\/wp-content\/uploads\/sites\/3\/2021\/03\/LavenderStyled1_square-650x650.jpg 650w, https:\/\/everydaypattern.store\/br\/wp-content\/uploads\/sites\/3\/2021\/03\/LavenderStyled1_square-64x64.jpg 64w, https:\/\/everydaypattern.store\/br\/wp-content\/uploads\/sites\/3\/2021\/03\/LavenderStyled1_square-150x150.jpg 150w, https:\/\/everydaypattern.store\/br\/wp-content\/uploads\/sites\/3\/2021\/03\/LavenderStyled1_square-768x768.jpg 768w, https:\/\/everydaypattern.store\/br\/wp-content\/uploads\/sites\/3\/2021\/03\/LavenderStyled1_square.jpg 1500w\" sizes=\"(max-width: 1024px) 100vw, 1024px\" \/><\/figure>\n<\/figure>\n<\/div>\n<\/div>\n\n\n<div class=\"woocommerce columns-3 \"><ul class=\"products columns-3\">\n<li class=\"product type-product post-1385 status-publish first outofstock product_cat-tapetes-totes has-post-thumbnail shipping-taxable purchasable product-type-simple woo-variation-gallery-product\">\n\t<\/li>\n<li class=\"product type-product post-1377 status-publish outofstock product_cat-tapetes-totes has-post-thumbnail shipping-taxable purchasable product-type-simple woo-variation-gallery-product\">\n\t<\/li>\n<li class=\"product type-product post-145 status-publish last outofstock product_cat-tapetes-totes product_cat-tecidos has-post-thumbnail shipping-taxable purchasable product-type-simple woo-variation-gallery-product\">\n\t<\/li>\n<li class=\"product type-product post-138 status-publish first outofstock product_cat-picnic product_cat-tapetes-totes has-post-thumbnail shipping-taxable purchasable product-type-simple woo-variation-gallery-product\">\n\t<\/li>\n<li class=\"product type-product post-12 status-publish instock product_cat-picnic product_cat-tapetes-totes has-post-thumbnail shipping-taxable purchasable product-type-simple woo-variation-gallery-product\">\n\t<\/li>\n<li class=\"product type-product post-15 status-publish last outofstock product_cat-picnic product_cat-tapetes-totes has-post-thumbnail shipping-taxable purchasable product-type-simple woo-variation-gallery-product\">\n\t<\/li>\n<li class=\"product type-product post-105 status-publish first instock product_cat-picnic product_cat-tapetes-totes has-post-thumbnail shipping-taxable purchasable product-type-simple woo-variation-gallery-product\">\n\t<\/li>\n<\/ul>\n<\/div>\n\n\n\n<div class=\"wp-block-group alignfull newsletter has-background is-layout-flow\" style=\"background-color:#ffd1e7\"><div class=\"wp-block-group__inner-container\">\n<div style=\"height:36px\" aria-hidden=\"true\" class=\"wp-block-spacer\"><\/div>\n\n\n\n<div class=\"wp-block-group alignwide col-full is-layout-flow\"><div class=\"wp-block-group__inner-container\">\n<h3 class=\"has-text-align-center wp-block-heading\">New products coming soon!<\/h3>\n\n\n\n<div class=\"wp-block-contact-form-7-contact-form-selector\"><div role=\"form\" class=\"wpcf7\" id=\"wpcf7-f471-o1\" lang=\"en\" dir=\"ltr\">\n<div class=\"screen-reader-response\"><p role=\"status\" aria-live=\"polite\" aria-atomic=\"true\"><\/p> <ul><\/ul><\/div>\n<form action=\"\/br\/wp-json\/wp\/v2\/pages\/418#wpcf7-f471-o1\" method=\"post\" class=\"wpcf7-form init\" novalidate=\"novalidate\" data-status=\"init\">\n<div style=\"display: none;\">\n<input type=\"hidden\" name=\"_wpcf7\" value=\"471\" \/>\n<input type=\"hidden\" name=\"_wpcf7_version\" value=\"5.6.4\" \/>\n<input type=\"hidden\" name=\"_wpcf7_locale\" value=\"en\" \/>\n<input type=\"hidden\" name=\"_wpcf7_unit_tag\" value=\"wpcf7-f471-o1\" \/>\n<input type=\"hidden\" name=\"_wpcf7_container_post\" value=\"0\" \/>\n<input type=\"hidden\" name=\"_wpcf7_posted_data_hash\" value=\"\" \/>\n<input type=\"hidden\" name=\"_wpcf7_recaptcha_response\" value=\"\" \/>\n<\/div>\n<p><span class=\"wpcf7-form-control-wrap\" data-name=\"email\"><input type=\"email\" name=\"email\" value=\"\" size=\"40\" class=\"wpcf7-form-control wpcf7-text wpcf7-email wpcf7-validates-as-required wpcf7-validates-as-email\" aria-required=\"true\" aria-invalid=\"false\" placeholder=\"Digite seu email\" \/><\/span><\/p>\n<p><input type=\"submit\" value=\"me avise\" class=\"wpcf7-form-control has-spinner wpcf7-submit\" \/><\/p>\n<div class=\"wpcf7-response-output\" aria-hidden=\"true\"><\/div><\/form><\/div><\/div>\n<\/div><\/div>\n<\/div><\/div>\n","protected":false},"excerpt":{"rendered":"<p>Imperme\u00e1vel e pr\u00e1tico Desenvolvido para o estilo de vida Californiano, esse \u00e9 o kit perfeito para quem curte a vida ao ar livre. O tapete de picnic \u00e9 leve para carregar mas pesado para ser levado pelo vento. F\u00e1cil de dobrar e guardar na sacola multiuso que vem inclusa. Imperme\u00e1veis e lav\u00e1veis, essa \u00e9 a [&hellip;]<\/p>\n","protected":false},"author":1,"featured_media":0,"parent":2,"menu_order":0,"comment_status":"closed","ping_status":"closed","template":"","meta":{"inline_featured_image":false},"_links":{"self":[{"href":"https:\/\/everydaypattern.store\/br\/wp-json\/wp\/v2\/pages\/418"}],"collection":[{"href":"https:\/\/everydaypattern.store\/br\/wp-json\/wp\/v2\/pages"}],"about":[{"href":"https:\/\/everydaypattern.store\/br\/wp-json\/wp\/v2\/types\/page"}],"author":[{"embeddable":true,"href":"https:\/\/everydaypattern.store\/br\/wp-json\/wp\/v2\/users\/1"}],"replies":[{"embeddable":true,"href":"https:\/\/everydaypattern.store\/br\/wp-json\/wp\/v2\/comments?post=418"}],"version-history":[{"count":13,"href":"https:\/\/everydaypattern.store\/br\/wp-json\/wp\/v2\/pages\/418\/revisions"}],"predecessor-version":[{"id":1379,"href":"https:\/\/everydaypattern.store\/br\/wp-json\/wp\/v2\/pages\/418\/revisions\/1379"}],"up":[{"embeddable":true,"href":"https:\/\/everydaypattern.store\/br\/wp-json\/wp\/v2\/pages\/2"}],"wp:attachment":[{"href":"https:\/\/everydaypattern.store\/br\/wp-json\/wp\/v2\/media?parent=418"}],"curies":[{"name":"wp","href":"https:\/\/api.w.org\/{rel}","templated":true}]}}