{"id":421,"date":"2021-09-29T19:20:01","date_gmt":"2021-09-29T22:20:01","guid":{"rendered":"http:\/\/everydaypattern.store\/br\/?page_id=421"},"modified":"2022-12-11T16:02:46","modified_gmt":"2022-12-11T19:02:46","slug":"home","status":"publish","type":"page","link":"https:\/\/everydaypattern.store\/br\/shop\/home\/","title":{"rendered":"Jogos Americanos"},"content":{"rendered":"\n<div class=\"wp-block-columns col-full is-layout-flex wp-container-5\">\n<div class=\"wp-block-column is-vertically-aligned-center is-layout-flow\" style=\"flex-basis:40%\">\n<h3 class=\"has-text-align-right wp-block-heading\">Muita cor na sua mesa<\/h3>\n\n\n\n<p class=\"has-text-align-right\">As estampas exclusivas da cole\u00e7\u00e3o &#8220;Pomar&#8221; &#8211; impressas no tecido Panam\u00e1 importado &#8211;  foram desenvolvidas para colorir sua mesa do dia-a-dia. Dispon\u00edveis em 9 estampas, os jogos americanos s\u00e3o vendidos individualmente para voc\u00ea poder usar a criatividade e compor a sua mesa como preferir, misturando estampas, em pares ou todas iguais. S\u00e3o pr\u00e1ticas e f\u00e1ceis de lavar. Bon appetit!<\/p>\n\n\n\n<p class=\"has-text-align-right\"><em>Seu dia com um toque de magia!<\/em><\/p>\n<\/div>\n\n\n\n<div class=\"wp-block-column is-vertically-aligned-center is-layout-flow\" style=\"flex-basis:60%\">\n<figure class=\"wp-block-gallery has-nested-images columns-default is-cropped wp-block-gallery-2 is-layout-flex\">\n<figure class=\"wp-block-image size-large is-style-rounded\"><img decoding=\"async\" loading=\"lazy\" width=\"1024\" height=\"1024\" src=\"https:\/\/everydaypattern.store\/br\/wp-content\/uploads\/sites\/3\/2022\/12\/JAmericano_Tangerina2-1024x1024.jpg\" alt=\"\" class=\"wp-image-1027\" srcset=\"https:\/\/everydaypattern.store\/br\/wp-content\/uploads\/sites\/3\/2022\/12\/JAmericano_Tangerina2-1024x1024.jpg 1024w, https:\/\/everydaypattern.store\/br\/wp-content\/uploads\/sites\/3\/2022\/12\/JAmericano_Tangerina2-300x300.jpg 300w, https:\/\/everydaypattern.store\/br\/wp-content\/uploads\/sites\/3\/2022\/12\/JAmericano_Tangerina2-150x150.jpg 150w, https:\/\/everydaypattern.store\/br\/wp-content\/uploads\/sites\/3\/2022\/12\/JAmericano_Tangerina2-768x768.jpg 768w, https:\/\/everydaypattern.store\/br\/wp-content\/uploads\/sites\/3\/2022\/12\/JAmericano_Tangerina2-750x750.jpg 750w, https:\/\/everydaypattern.store\/br\/wp-content\/uploads\/sites\/3\/2022\/12\/JAmericano_Tangerina2-650x650.jpg 650w, https:\/\/everydaypattern.store\/br\/wp-content\/uploads\/sites\/3\/2022\/12\/JAmericano_Tangerina2-100x100.jpg 100w, https:\/\/everydaypattern.store\/br\/wp-content\/uploads\/sites\/3\/2022\/12\/JAmericano_Tangerina2-50x50.jpg 50w, https:\/\/everydaypattern.store\/br\/wp-content\/uploads\/sites\/3\/2022\/12\/JAmericano_Tangerina2-64x64.jpg 64w, https:\/\/everydaypattern.store\/br\/wp-content\/uploads\/sites\/3\/2022\/12\/JAmericano_Tangerina2.jpg 1500w\" sizes=\"(max-width: 1024px) 100vw, 1024px\" \/><\/figure>\n<\/figure>\n<\/div>\n<\/div>\n\n\n<div class=\"woocommerce columns-3 \"><ul class=\"products columns-3\">\n<li class=\"product type-product post-895 status-publish first instock product_cat-jogos-americanos has-post-thumbnail shipping-taxable purchasable product-type-simple woo-variation-gallery-product\">\n\t<\/li>\n<li class=\"product type-product post-922 status-publish instock product_cat-jogos-americanos has-post-thumbnail shipping-taxable purchasable product-type-simple woo-variation-gallery-product\">\n\t<\/li>\n<li class=\"product type-product post-1415 status-publish last instock product_cat-jogos-americanos has-post-thumbnail shipping-taxable purchasable product-type-simple woo-variation-gallery-product\">\n\t<\/li>\n<li class=\"product type-product post-1412 status-publish first instock product_cat-jogos-americanos has-post-thumbnail shipping-taxable purchasable product-type-simple woo-variation-gallery-product\">\n\t<\/li>\n<li class=\"product type-product post-896 status-publish outofstock product_cat-jogos-americanos has-post-thumbnail shipping-taxable purchasable product-type-simple woo-variation-gallery-product\">\n\t<\/li>\n<li class=\"product type-product post-1380 status-publish last instock product_cat-jogos-americanos has-post-thumbnail shipping-taxable purchasable product-type-simple woo-variation-gallery-product\">\n\t<\/li>\n<li class=\"product type-product post-1382 status-publish first instock product_cat-jogos-americanos has-post-thumbnail shipping-taxable purchasable product-type-simple woo-variation-gallery-product\">\n\t<\/li>\n<li class=\"product type-product post-1383 status-publish instock product_cat-jogos-americanos has-post-thumbnail shipping-taxable purchasable product-type-simple woo-variation-gallery-product\">\n\t<\/li>\n<li class=\"product type-product post-925 status-publish last instock product_cat-jogos-americanos has-post-thumbnail shipping-taxable purchasable product-type-simple woo-variation-gallery-product\">\n\t<\/li>\n<\/ul>\n<\/div>\n","protected":false},"excerpt":{"rendered":"<p>Muita cor na sua mesa As estampas exclusivas da cole\u00e7\u00e3o &#8220;Pomar&#8221; &#8211; impressas no tecido Panam\u00e1 importado &#8211; foram desenvolvidas para colorir sua mesa do dia-a-dia. Dispon\u00edveis em 9 estampas, os jogos americanos s\u00e3o vendidos individualmente para voc\u00ea poder usar a criatividade e compor a sua mesa como preferir, misturando estampas, em pares ou todas [&hellip;]<\/p>\n","protected":false},"author":1,"featured_media":0,"parent":2,"menu_order":0,"comment_status":"closed","ping_status":"closed","template":"","meta":{"inline_featured_image":false},"_links":{"self":[{"href":"https:\/\/everydaypattern.store\/br\/wp-json\/wp\/v2\/pages\/421"}],"collection":[{"href":"https:\/\/everydaypattern.store\/br\/wp-json\/wp\/v2\/pages"}],"about":[{"href":"https:\/\/everydaypattern.store\/br\/wp-json\/wp\/v2\/types\/page"}],"author":[{"embeddable":true,"href":"https:\/\/everydaypattern.store\/br\/wp-json\/wp\/v2\/users\/1"}],"replies":[{"embeddable":true,"href":"https:\/\/everydaypattern.store\/br\/wp-json\/wp\/v2\/comments?post=421"}],"version-history":[{"count":12,"href":"https:\/\/everydaypattern.store\/br\/wp-json\/wp\/v2\/pages\/421\/revisions"}],"predecessor-version":[{"id":1368,"href":"https:\/\/everydaypattern.store\/br\/wp-json\/wp\/v2\/pages\/421\/revisions\/1368"}],"up":[{"embeddable":true,"href":"https:\/\/everydaypattern.store\/br\/wp-json\/wp\/v2\/pages\/2"}],"wp:attachment":[{"href":"https:\/\/everydaypattern.store\/br\/wp-json\/wp\/v2\/media?parent=421"}],"curies":[{"name":"wp","href":"https:\/\/api.w.org\/{rel}","templated":true}]}}