{"id":423,"date":"2021-09-29T19:19:42","date_gmt":"2021-09-29T22:19:42","guid":{"rendered":"http:\/\/everydaypattern.store\/br\/?page_id=423"},"modified":"2022-12-17T21:15:09","modified_gmt":"2022-12-18T00:15:09","slug":"toalhas-de-mesa","status":"publish","type":"page","link":"https:\/\/everydaypattern.store\/br\/shop\/toalhas-de-mesa\/","title":{"rendered":"Toalhas de Mesa"},"content":{"rendered":"\n<div class=\"wp-block-columns col-full is-layout-flex wp-container-5\">\n<div class=\"wp-block-column is-vertically-aligned-center is-layout-flow\" style=\"flex-basis:40%\">\n<h3 class=\"has-text-align-right wp-block-heading\">Praticidade e Alegria<\/h3>\n\n\n\n<p class=\"has-text-align-right\">Para quem gosta de vestir a mesa com criatividade e personalidade como a gente. A cole\u00e7\u00e3o &#8220;Pomar&#8221; traz frutas e flores para a sua mesa com muita cor e bom humor. Al\u00e9m de lindas s\u00e3o resistentes e pr\u00e1ticas, f\u00e1ceis de limpar e n\u00e3o amarrotam com facilidade. Acreditamos que beleza unida a funcionalidade \u00e9 a receita ideal para tornar qualquer refei\u00e7\u00e3o especial.<\/p>\n\n\n\n<p class=\"has-text-align-right\"><em>Seu dia com um toque de magia!<\/em><\/p>\n<\/div>\n\n\n\n<div class=\"wp-block-column is-vertically-aligned-center is-layout-flow\" style=\"flex-basis:60%\">\n<figure class=\"wp-block-gallery has-nested-images columns-default is-cropped wp-block-gallery-2 is-layout-flex\">\n<figure class=\"wp-block-image size-large is-style-rounded\"><img decoding=\"async\" loading=\"lazy\" width=\"1024\" height=\"1024\" src=\"https:\/\/everydaypattern.store\/br\/wp-content\/uploads\/sites\/3\/2021\/11\/ToalhaBanana1-1024x1024.jpg\" alt=\"Toalha de Mesa Banana\" class=\"wp-image-867\" srcset=\"https:\/\/everydaypattern.store\/br\/wp-content\/uploads\/sites\/3\/2021\/11\/ToalhaBanana1-1024x1024.jpg 1024w, https:\/\/everydaypattern.store\/br\/wp-content\/uploads\/sites\/3\/2021\/11\/ToalhaBanana1-300x300.jpg 300w, https:\/\/everydaypattern.store\/br\/wp-content\/uploads\/sites\/3\/2021\/11\/ToalhaBanana1-150x150.jpg 150w, https:\/\/everydaypattern.store\/br\/wp-content\/uploads\/sites\/3\/2021\/11\/ToalhaBanana1-768x768.jpg 768w, https:\/\/everydaypattern.store\/br\/wp-content\/uploads\/sites\/3\/2021\/11\/ToalhaBanana1-750x750.jpg 750w, https:\/\/everydaypattern.store\/br\/wp-content\/uploads\/sites\/3\/2021\/11\/ToalhaBanana1-650x650.jpg 650w, https:\/\/everydaypattern.store\/br\/wp-content\/uploads\/sites\/3\/2021\/11\/ToalhaBanana1-100x100.jpg 100w, https:\/\/everydaypattern.store\/br\/wp-content\/uploads\/sites\/3\/2021\/11\/ToalhaBanana1-50x50.jpg 50w, https:\/\/everydaypattern.store\/br\/wp-content\/uploads\/sites\/3\/2021\/11\/ToalhaBanana1-64x64.jpg 64w, https:\/\/everydaypattern.store\/br\/wp-content\/uploads\/sites\/3\/2021\/11\/ToalhaBanana1.jpg 1500w\" sizes=\"(max-width: 1024px) 100vw, 1024px\" \/><\/figure>\n<\/figure>\n<\/div>\n<\/div>\n\n\n<div class=\"woocommerce columns-3 \"><ul class=\"products columns-3\">\n<li class=\"product type-product post-898 status-publish first instock product_cat-toalhas-de-mesa has-post-thumbnail shipping-taxable purchasable product-type-variable woo-variation-gallery-product\">\n\t<\/li>\n<li class=\"product type-product post-919 status-publish instock product_cat-toalhas-de-mesa has-post-thumbnail shipping-taxable purchasable product-type-variable woo-variation-gallery-product\">\n\t<\/li>\n<li class=\"product type-product post-905 status-publish last instock product_cat-toalhas-de-mesa has-post-thumbnail shipping-taxable purchasable product-type-variable woo-variation-gallery-product\">\n\t<\/li>\n<li class=\"product type-product post-902 status-publish first instock product_cat-toalhas-de-mesa has-post-thumbnail shipping-taxable purchasable product-type-variable woo-variation-gallery-product\">\n\t<\/li>\n<li class=\"product type-product post-917 status-publish instock product_cat-toalhas-de-mesa has-post-thumbnail shipping-taxable purchasable product-type-variable woo-variation-gallery-product\">\n\t<\/li>\n<li class=\"product type-product post-908 status-publish last instock product_cat-toalhas-de-mesa has-post-thumbnail shipping-taxable purchasable product-type-variable woo-variation-gallery-product\">\n\t<\/li>\n<li class=\"product type-product post-920 status-publish first instock product_cat-toalhas-de-mesa has-post-thumbnail shipping-taxable purchasable product-type-variable woo-variation-gallery-product\">\n\t<\/li>\n<li class=\"product type-product post-911 status-publish instock product_cat-toalhas-de-mesa has-post-thumbnail shipping-taxable purchasable product-type-variable woo-variation-gallery-product\">\n\t<\/li>\n<li class=\"product type-product post-915 status-publish last instock product_cat-toalhas-de-mesa has-post-thumbnail shipping-taxable purchasable product-type-variable woo-variation-gallery-product\">\n\t<\/li>\n<\/ul>\n<\/div>\n\n\n\n<div class=\"wp-block-columns is-layout-flex wp-container-8\">\n<div class=\"wp-block-column is-layout-flow\" style=\"flex-basis:100%\">\n<h2 class=\"alignwide has-text-align-center wp-block-heading\">           Jogos Americanos<\/h2>\n\n\n<div class=\"wp-block-image\">\n<figure class=\"aligncenter size-large is-resized\"><a href=\"https:\/\/everydaypattern.store\/br\/shop\/home\/\"><img decoding=\"async\" loading=\"lazy\" src=\"https:\/\/everydaypattern.store\/br\/wp-content\/uploads\/sites\/3\/2021\/11\/JAmericano_Tangerina1-1024x1024.jpg\" alt=\"Jogo Americano Tangerina\" class=\"wp-image-881\" width=\"415\" height=\"415\" srcset=\"https:\/\/everydaypattern.store\/br\/wp-content\/uploads\/sites\/3\/2021\/11\/JAmericano_Tangerina1-1024x1024.jpg 1024w, https:\/\/everydaypattern.store\/br\/wp-content\/uploads\/sites\/3\/2021\/11\/JAmericano_Tangerina1-300x300.jpg 300w, https:\/\/everydaypattern.store\/br\/wp-content\/uploads\/sites\/3\/2021\/11\/JAmericano_Tangerina1-150x150.jpg 150w, https:\/\/everydaypattern.store\/br\/wp-content\/uploads\/sites\/3\/2021\/11\/JAmericano_Tangerina1-768x768.jpg 768w, https:\/\/everydaypattern.store\/br\/wp-content\/uploads\/sites\/3\/2021\/11\/JAmericano_Tangerina1-750x750.jpg 750w, https:\/\/everydaypattern.store\/br\/wp-content\/uploads\/sites\/3\/2021\/11\/JAmericano_Tangerina1-650x650.jpg 650w, https:\/\/everydaypattern.store\/br\/wp-content\/uploads\/sites\/3\/2021\/11\/JAmericano_Tangerina1-100x100.jpg 100w, https:\/\/everydaypattern.store\/br\/wp-content\/uploads\/sites\/3\/2021\/11\/JAmericano_Tangerina1-50x50.jpg 50w, https:\/\/everydaypattern.store\/br\/wp-content\/uploads\/sites\/3\/2021\/11\/JAmericano_Tangerina1-64x64.jpg 64w, https:\/\/everydaypattern.store\/br\/wp-content\/uploads\/sites\/3\/2021\/11\/JAmericano_Tangerina1.jpg 1500w\" sizes=\"(max-width: 415px) 100vw, 415px\" \/><\/a><\/figure><\/div><\/div>\n\n\n\n<div class=\"wp-block-column is-layout-flow\" style=\"flex-basis:100%\">\n<h2 class=\"alignwide has-text-align-center wp-block-heading\">        Hora do Picnic<\/h2>\n\n\n<div class=\"wp-block-image\">\n<figure class=\"aligncenter size-large is-resized\"><a href=\"https:\/\/everydaypattern.store\/br\/shop\/picnic\/\"><img decoding=\"async\" loading=\"lazy\" src=\"https:\/\/everydaypattern.store\/br\/wp-content\/uploads\/sites\/3\/2021\/08\/PearsStyled2_square-1024x1024.jpg\" alt=\"\" class=\"wp-image-135\" width=\"415\" height=\"415\" srcset=\"https:\/\/everydaypattern.store\/br\/wp-content\/uploads\/sites\/3\/2021\/08\/PearsStyled2_square-1024x1024.jpg 1024w, https:\/\/everydaypattern.store\/br\/wp-content\/uploads\/sites\/3\/2021\/08\/PearsStyled2_square-750x750.jpg 750w, https:\/\/everydaypattern.store\/br\/wp-content\/uploads\/sites\/3\/2021\/08\/PearsStyled2_square-300x300.jpg 300w, https:\/\/everydaypattern.store\/br\/wp-content\/uploads\/sites\/3\/2021\/08\/PearsStyled2_square-650x650.jpg 650w, https:\/\/everydaypattern.store\/br\/wp-content\/uploads\/sites\/3\/2021\/08\/PearsStyled2_square-64x64.jpg 64w, https:\/\/everydaypattern.store\/br\/wp-content\/uploads\/sites\/3\/2021\/08\/PearsStyled2_square-150x150.jpg 150w, https:\/\/everydaypattern.store\/br\/wp-content\/uploads\/sites\/3\/2021\/08\/PearsStyled2_square-768x768.jpg 768w, https:\/\/everydaypattern.store\/br\/wp-content\/uploads\/sites\/3\/2021\/08\/PearsStyled2_square.jpg 1500w\" sizes=\"(max-width: 415px) 100vw, 415px\" \/><\/a><\/figure><\/div><\/div>\n<\/div>\n\n\n\n<div class=\"wp-block-columns is-layout-flex wp-container-11\">\n<div class=\"wp-block-column is-layout-flow\" style=\"flex-basis:100%\">\n<h2 class=\"alignwide has-text-align-center wp-block-heading\">           Azulejos Enquadrados<\/h2>\n\n\n<div class=\"wp-block-image\">\n<figure class=\"aligncenter size-large is-resized\"><a href=\"https:\/\/everydaypattern.store\/br\/wood-print-2\/azulejos\/\"><img decoding=\"async\" loading=\"lazy\" src=\"https:\/\/everydaypattern.store\/br\/wp-content\/uploads\/sites\/3\/2022\/12\/capa_azule-1024x1024.jpg\" alt=\"\" class=\"wp-image-1202\" width=\"416\" height=\"416\" srcset=\"https:\/\/everydaypattern.store\/br\/wp-content\/uploads\/sites\/3\/2022\/12\/capa_azule-1024x1024.jpg 1024w, https:\/\/everydaypattern.store\/br\/wp-content\/uploads\/sites\/3\/2022\/12\/capa_azule-300x300.jpg 300w, https:\/\/everydaypattern.store\/br\/wp-content\/uploads\/sites\/3\/2022\/12\/capa_azule-150x150.jpg 150w, https:\/\/everydaypattern.store\/br\/wp-content\/uploads\/sites\/3\/2022\/12\/capa_azule-768x768.jpg 768w, https:\/\/everydaypattern.store\/br\/wp-content\/uploads\/sites\/3\/2022\/12\/capa_azule-750x750.jpg 750w, https:\/\/everydaypattern.store\/br\/wp-content\/uploads\/sites\/3\/2022\/12\/capa_azule-650x650.jpg 650w, https:\/\/everydaypattern.store\/br\/wp-content\/uploads\/sites\/3\/2022\/12\/capa_azule-100x100.jpg 100w, https:\/\/everydaypattern.store\/br\/wp-content\/uploads\/sites\/3\/2022\/12\/capa_azule-50x50.jpg 50w, https:\/\/everydaypattern.store\/br\/wp-content\/uploads\/sites\/3\/2022\/12\/capa_azule-64x64.jpg 64w, https:\/\/everydaypattern.store\/br\/wp-content\/uploads\/sites\/3\/2022\/12\/capa_azule.jpg 1500w\" sizes=\"(max-width: 416px) 100vw, 416px\" \/><\/a><\/figure><\/div><\/div>\n\n\n\n<div class=\"wp-block-column is-layout-flow\" style=\"flex-basis:100%\">\n<h2 class=\"alignwide has-text-align-center wp-block-heading\">        Hora do Picnic<\/h2>\n\n\n<div class=\"wp-block-image\">\n<figure class=\"aligncenter size-large is-resized\"><a href=\"https:\/\/everydaypattern.store\/br\/shop\/picnic\/\"><img decoding=\"async\" loading=\"lazy\" src=\"https:\/\/everydaypattern.store\/br\/wp-content\/uploads\/sites\/3\/2021\/08\/PearsStyled2_square-1024x1024.jpg\" alt=\"\" class=\"wp-image-135\" width=\"415\" height=\"415\" srcset=\"https:\/\/everydaypattern.store\/br\/wp-content\/uploads\/sites\/3\/2021\/08\/PearsStyled2_square-1024x1024.jpg 1024w, https:\/\/everydaypattern.store\/br\/wp-content\/uploads\/sites\/3\/2021\/08\/PearsStyled2_square-750x750.jpg 750w, https:\/\/everydaypattern.store\/br\/wp-content\/uploads\/sites\/3\/2021\/08\/PearsStyled2_square-300x300.jpg 300w, https:\/\/everydaypattern.store\/br\/wp-content\/uploads\/sites\/3\/2021\/08\/PearsStyled2_square-650x650.jpg 650w, https:\/\/everydaypattern.store\/br\/wp-content\/uploads\/sites\/3\/2021\/08\/PearsStyled2_square-64x64.jpg 64w, https:\/\/everydaypattern.store\/br\/wp-content\/uploads\/sites\/3\/2021\/08\/PearsStyled2_square-150x150.jpg 150w, https:\/\/everydaypattern.store\/br\/wp-content\/uploads\/sites\/3\/2021\/08\/PearsStyled2_square-768x768.jpg 768w, https:\/\/everydaypattern.store\/br\/wp-content\/uploads\/sites\/3\/2021\/08\/PearsStyled2_square.jpg 1500w\" sizes=\"(max-width: 415px) 100vw, 415px\" \/><\/a><\/figure><\/div><\/div>\n<\/div>\n","protected":false},"excerpt":{"rendered":"<p>Praticidade e Alegria Para quem gosta de vestir a mesa com criatividade e personalidade como a gente. A cole\u00e7\u00e3o &#8220;Pomar&#8221; traz frutas e flores para a sua mesa com muita cor e bom humor. Al\u00e9m de lindas s\u00e3o resistentes e pr\u00e1ticas, f\u00e1ceis de limpar e n\u00e3o amarrotam com facilidade. Acreditamos que beleza unida a funcionalidade [&hellip;]<\/p>\n","protected":false},"author":1,"featured_media":0,"parent":2,"menu_order":0,"comment_status":"closed","ping_status":"closed","template":"","meta":{"inline_featured_image":false},"_links":{"self":[{"href":"https:\/\/everydaypattern.store\/br\/wp-json\/wp\/v2\/pages\/423"}],"collection":[{"href":"https:\/\/everydaypattern.store\/br\/wp-json\/wp\/v2\/pages"}],"about":[{"href":"https:\/\/everydaypattern.store\/br\/wp-json\/wp\/v2\/types\/page"}],"author":[{"embeddable":true,"href":"https:\/\/everydaypattern.store\/br\/wp-json\/wp\/v2\/users\/1"}],"replies":[{"embeddable":true,"href":"https:\/\/everydaypattern.store\/br\/wp-json\/wp\/v2\/comments?post=423"}],"version-history":[{"count":44,"href":"https:\/\/everydaypattern.store\/br\/wp-json\/wp\/v2\/pages\/423\/revisions"}],"predecessor-version":[{"id":1467,"href":"https:\/\/everydaypattern.store\/br\/wp-json\/wp\/v2\/pages\/423\/revisions\/1467"}],"up":[{"embeddable":true,"href":"https:\/\/everydaypattern.store\/br\/wp-json\/wp\/v2\/pages\/2"}],"wp:attachment":[{"href":"https:\/\/everydaypattern.store\/br\/wp-json\/wp\/v2\/media?parent=423"}],"curies":[{"name":"wp","href":"https:\/\/api.w.org\/{rel}","templated":true}]}}