{"id":785,"date":"2022-11-15T19:27:30","date_gmt":"2022-11-15T22:27:30","guid":{"rendered":"https:\/\/everydaypattern.store\/br\/?page_id=785"},"modified":"2022-12-09T15:55:43","modified_gmt":"2022-12-09T18:55:43","slug":"casinhas","status":"publish","type":"page","link":"https:\/\/everydaypattern.store\/br\/casinhas\/","title":{"rendered":"Casinhas"},"content":{"rendered":"\n<div class=\"wp-block-columns col-full is-layout-flex wp-container-5\">\n<div class=\"wp-block-column is-vertically-aligned-center is-layout-flow\" style=\"flex-basis:40%\">\n<h3 class=\"has-text-align-right wp-block-heading\">Simplesmente Lindas<\/h3>\n\n\n\n<p class=\"has-text-align-right\">Feitas para iluminar qualquer cantinho da casa com criatividade, essas casinhas feitas em madeira Pinus vem acompanhadas de um vasinho. Um jeito pr\u00e1tico e econ\u00f4mico de trazer um pouquinho de cores e vida para a sala, o corredor ou o quarto de crian\u00e7as. Se existe um cantinho da casa em que est\u00e1 faltando vida, uma dessas casinhas vai preencher esse  vazio.  Tamb\u00e9m \u00e9 o presente perfeito para qualquer ocasi\u00e3o.<\/p>\n\n\n\n<p class=\"has-text-align-right\"><em>Seu dia com um toque de magia!<\/em><\/p>\n<\/div>\n\n\n\n<div class=\"wp-block-column is-vertically-aligned-center is-layout-flow\" style=\"flex-basis:60%\">\n<figure class=\"wp-block-gallery has-nested-images columns-default is-cropped wp-block-gallery-2 is-layout-flex\">\n<figure class=\"wp-block-image size-large is-style-rounded\"><img decoding=\"async\" loading=\"lazy\" width=\"1024\" height=\"1024\" src=\"https:\/\/everydaypattern.store\/br\/wp-content\/uploads\/sites\/3\/2022\/12\/Casa_capa-1024x1024.jpg\" alt=\"\" class=\"wp-image-1031\" srcset=\"https:\/\/everydaypattern.store\/br\/wp-content\/uploads\/sites\/3\/2022\/12\/Casa_capa-1024x1024.jpg 1024w, https:\/\/everydaypattern.store\/br\/wp-content\/uploads\/sites\/3\/2022\/12\/Casa_capa-300x300.jpg 300w, https:\/\/everydaypattern.store\/br\/wp-content\/uploads\/sites\/3\/2022\/12\/Casa_capa-150x150.jpg 150w, https:\/\/everydaypattern.store\/br\/wp-content\/uploads\/sites\/3\/2022\/12\/Casa_capa-768x768.jpg 768w, https:\/\/everydaypattern.store\/br\/wp-content\/uploads\/sites\/3\/2022\/12\/Casa_capa-750x750.jpg 750w, https:\/\/everydaypattern.store\/br\/wp-content\/uploads\/sites\/3\/2022\/12\/Casa_capa-650x650.jpg 650w, https:\/\/everydaypattern.store\/br\/wp-content\/uploads\/sites\/3\/2022\/12\/Casa_capa-100x100.jpg 100w, https:\/\/everydaypattern.store\/br\/wp-content\/uploads\/sites\/3\/2022\/12\/Casa_capa-50x50.jpg 50w, https:\/\/everydaypattern.store\/br\/wp-content\/uploads\/sites\/3\/2022\/12\/Casa_capa-64x64.jpg 64w, https:\/\/everydaypattern.store\/br\/wp-content\/uploads\/sites\/3\/2022\/12\/Casa_capa.jpg 1500w\" sizes=\"(max-width: 1024px) 100vw, 1024px\" \/><\/figure>\n<\/figure>\n<\/div>\n<\/div>\n\n\n<div class=\"woocommerce columns-3 \"><ul class=\"products columns-3\">\n<li class=\"product type-product post-1016 status-publish first onbackorder product_cat-casinhas has-post-thumbnail shipping-taxable purchasable product-type-simple woo-variation-gallery-product\">\n\t<\/li>\n<li class=\"product type-product post-1015 status-publish instock product_cat-casinhas has-post-thumbnail shipping-taxable purchasable product-type-simple woo-variation-gallery-product\">\n\t<\/li>\n<li class=\"product type-product post-1014 status-publish last instock product_cat-casinhas has-post-thumbnail shipping-taxable purchasable product-type-simple woo-variation-gallery-product\">\n\t<\/li>\n<li class=\"product type-product post-1013 status-publish first onbackorder product_cat-casinhas has-post-thumbnail shipping-taxable purchasable product-type-simple woo-variation-gallery-product\">\n\t<\/li>\n<li class=\"product type-product post-1011 status-publish instock product_cat-casinhas has-post-thumbnail shipping-taxable purchasable product-type-simple woo-variation-gallery-product\">\n\t<\/li>\n<li class=\"product type-product post-1003 status-publish last instock product_cat-casinhas has-post-thumbnail shipping-taxable purchasable product-type-simple woo-variation-gallery-product\">\n\t<\/li>\n<\/ul>\n<\/div>\n","protected":false},"excerpt":{"rendered":"<p>Simplesmente Lindas Feitas para iluminar qualquer cantinho da casa com criatividade, essas casinhas feitas em madeira Pinus vem acompanhadas de um vasinho. Um jeito pr\u00e1tico e econ\u00f4mico de trazer um pouquinho de cores e vida para a sala, o corredor ou o quarto de crian\u00e7as. Se existe um cantinho da casa em que est\u00e1 faltando [&hellip;]<\/p>\n","protected":false},"author":1,"featured_media":0,"parent":0,"menu_order":0,"comment_status":"closed","ping_status":"closed","template":"","meta":{"inline_featured_image":false},"_links":{"self":[{"href":"https:\/\/everydaypattern.store\/br\/wp-json\/wp\/v2\/pages\/785"}],"collection":[{"href":"https:\/\/everydaypattern.store\/br\/wp-json\/wp\/v2\/pages"}],"about":[{"href":"https:\/\/everydaypattern.store\/br\/wp-json\/wp\/v2\/types\/page"}],"author":[{"embeddable":true,"href":"https:\/\/everydaypattern.store\/br\/wp-json\/wp\/v2\/users\/1"}],"replies":[{"embeddable":true,"href":"https:\/\/everydaypattern.store\/br\/wp-json\/wp\/v2\/comments?post=785"}],"version-history":[{"count":9,"href":"https:\/\/everydaypattern.store\/br\/wp-json\/wp\/v2\/pages\/785\/revisions"}],"predecessor-version":[{"id":1127,"href":"https:\/\/everydaypattern.store\/br\/wp-json\/wp\/v2\/pages\/785\/revisions\/1127"}],"wp:attachment":[{"href":"https:\/\/everydaypattern.store\/br\/wp-json\/wp\/v2\/media?parent=785"}],"curies":[{"name":"wp","href":"https:\/\/api.w.org\/{rel}","templated":true}]}}