{"id":786,"date":"2022-11-15T19:27:30","date_gmt":"2022-11-15T22:27:30","guid":{"rendered":"https:\/\/everydaypattern.store\/br\/?page_id=786"},"modified":"2022-12-10T16:05:25","modified_gmt":"2022-12-10T19:05:25","slug":"azulejos","status":"publish","type":"page","link":"https:\/\/everydaypattern.store\/br\/wood-print-2\/azulejos\/","title":{"rendered":"Azulejos"},"content":{"rendered":"\n<div class=\"wp-block-columns col-full is-layout-flex wp-container-5\">\n<div class=\"wp-block-column is-vertically-aligned-center is-layout-flow\" style=\"flex-basis:40%\">\n<h3 class=\"has-text-align-right wp-block-heading\">Cada cantinho merece algo especial.<\/h3>\n\n\n\n<p class=\"has-text-align-right\">O Azulejo de  cer\u00e2mica com moldura de madeira \u00e9 um item de decora\u00e7\u00e3o que vai trazer charme e alegria para qualquer parte da sua casa. <\/p>\n\n\n\n<p class=\"has-text-align-right\">\u00c9 aquele item de decora\u00e7\u00e3o bem din\u00e2mico que vai completar seu arranjo e deixar sua casa ainda mais aconchegante. Tamb\u00e9m \u00e9 um presente econ\u00f4mico  sem deixar de ser especial e cheio de significado.<\/p>\n\n\n\n<p class=\"has-text-align-right\"><em>Seu dia com um toque de magia!<\/em><\/p>\n<\/div>\n\n\n\n<div class=\"wp-block-column is-vertically-aligned-center is-layout-flow\" style=\"flex-basis:60%\">\n<figure class=\"wp-block-gallery has-nested-images columns-default is-cropped wp-block-gallery-2 is-layout-flex\">\n<figure class=\"wp-block-image size-large is-style-rounded\"><img decoding=\"async\" loading=\"lazy\" width=\"1024\" height=\"1024\" src=\"https:\/\/everydaypattern.store\/br\/wp-content\/uploads\/sites\/3\/2022\/12\/capa_azule-1024x1024.jpg\" alt=\"\" class=\"wp-image-1202\" srcset=\"https:\/\/everydaypattern.store\/br\/wp-content\/uploads\/sites\/3\/2022\/12\/capa_azule-1024x1024.jpg 1024w, https:\/\/everydaypattern.store\/br\/wp-content\/uploads\/sites\/3\/2022\/12\/capa_azule-300x300.jpg 300w, https:\/\/everydaypattern.store\/br\/wp-content\/uploads\/sites\/3\/2022\/12\/capa_azule-150x150.jpg 150w, https:\/\/everydaypattern.store\/br\/wp-content\/uploads\/sites\/3\/2022\/12\/capa_azule-768x768.jpg 768w, https:\/\/everydaypattern.store\/br\/wp-content\/uploads\/sites\/3\/2022\/12\/capa_azule-750x750.jpg 750w, https:\/\/everydaypattern.store\/br\/wp-content\/uploads\/sites\/3\/2022\/12\/capa_azule-650x650.jpg 650w, https:\/\/everydaypattern.store\/br\/wp-content\/uploads\/sites\/3\/2022\/12\/capa_azule-100x100.jpg 100w, https:\/\/everydaypattern.store\/br\/wp-content\/uploads\/sites\/3\/2022\/12\/capa_azule-50x50.jpg 50w, https:\/\/everydaypattern.store\/br\/wp-content\/uploads\/sites\/3\/2022\/12\/capa_azule-64x64.jpg 64w, https:\/\/everydaypattern.store\/br\/wp-content\/uploads\/sites\/3\/2022\/12\/capa_azule.jpg 1500w\" sizes=\"(max-width: 1024px) 100vw, 1024px\" \/><\/figure>\n<\/figure>\n<\/div>\n<\/div>\n\n\n<div class=\"woocommerce columns-3 \"><ul class=\"products columns-3\">\n<li class=\"product type-product post-1108 status-publish first instock product_cat-azulejos has-post-thumbnail shipping-taxable purchasable product-type-simple woo-variation-gallery-product\">\n\t<\/li>\n<li class=\"product type-product post-1107 status-publish instock product_cat-azulejos has-post-thumbnail shipping-taxable purchasable product-type-simple woo-variation-gallery-product\">\n\t<\/li>\n<li class=\"product type-product post-1106 status-publish last instock product_cat-azulejos has-post-thumbnail shipping-taxable purchasable product-type-simple woo-variation-gallery-product\">\n\t<\/li>\n<li class=\"product type-product post-1105 status-publish first instock product_cat-azulejos has-post-thumbnail shipping-taxable purchasable product-type-simple woo-variation-gallery-product\">\n\t<\/li>\n<li class=\"product type-product post-1104 status-publish instock product_cat-azulejos has-post-thumbnail shipping-taxable purchasable product-type-simple woo-variation-gallery-product\">\n\t<\/li>\n<li class=\"product type-product post-1103 status-publish last instock product_cat-azulejos has-post-thumbnail shipping-taxable purchasable product-type-simple woo-variation-gallery-product\">\n\t<\/li>\n<li class=\"product type-product post-1094 status-publish first instock product_cat-azulejos has-post-thumbnail shipping-taxable purchasable product-type-simple woo-variation-gallery-product\">\n\t<\/li>\n<\/ul>\n<\/div>\n","protected":false},"excerpt":{"rendered":"<p>Cada cantinho merece algo especial. O Azulejo de cer\u00e2mica com moldura de madeira \u00e9 um item de decora\u00e7\u00e3o que vai trazer charme e alegria para qualquer parte da sua casa. \u00c9 aquele item de decora\u00e7\u00e3o bem din\u00e2mico que vai completar seu arranjo e deixar sua casa ainda mais aconchegante. Tamb\u00e9m \u00e9 um presente econ\u00f4mico sem [&hellip;]<\/p>\n","protected":false},"author":1,"featured_media":0,"parent":774,"menu_order":0,"comment_status":"closed","ping_status":"closed","template":"","meta":{"inline_featured_image":false},"_links":{"self":[{"href":"https:\/\/everydaypattern.store\/br\/wp-json\/wp\/v2\/pages\/786"}],"collection":[{"href":"https:\/\/everydaypattern.store\/br\/wp-json\/wp\/v2\/pages"}],"about":[{"href":"https:\/\/everydaypattern.store\/br\/wp-json\/wp\/v2\/types\/page"}],"author":[{"embeddable":true,"href":"https:\/\/everydaypattern.store\/br\/wp-json\/wp\/v2\/users\/1"}],"replies":[{"embeddable":true,"href":"https:\/\/everydaypattern.store\/br\/wp-json\/wp\/v2\/comments?post=786"}],"version-history":[{"count":5,"href":"https:\/\/everydaypattern.store\/br\/wp-json\/wp\/v2\/pages\/786\/revisions"}],"predecessor-version":[{"id":1203,"href":"https:\/\/everydaypattern.store\/br\/wp-json\/wp\/v2\/pages\/786\/revisions\/1203"}],"up":[{"embeddable":true,"href":"https:\/\/everydaypattern.store\/br\/wp-json\/wp\/v2\/pages\/774"}],"wp:attachment":[{"href":"https:\/\/everydaypattern.store\/br\/wp-json\/wp\/v2\/media?parent=786"}],"curies":[{"name":"wp","href":"https:\/\/api.w.org\/{rel}","templated":true}]}}