{"id":788,"date":"2022-11-15T19:27:30","date_gmt":"2022-11-15T22:27:30","guid":{"rendered":"https:\/\/everydaypattern.store\/br\/?page_id=788"},"modified":"2022-12-17T23:54:50","modified_gmt":"2022-12-18T02:54:50","slug":"big-ripa-uno","status":"publish","type":"page","link":"https:\/\/everydaypattern.store\/br\/big-ripa-uno\/","title":{"rendered":"Big Ripa Uno"},"content":{"rendered":"\n<div class=\"wp-block-columns col-full is-layout-flex wp-container-5\">\n<div class=\"wp-block-column is-vertically-aligned-center is-layout-flow\" style=\"flex-basis:40%\">\n<h3 class=\"has-text-align-right wp-block-heading\">Um pedacinho de madeira cheio de personalidade.<\/h3>\n\n\n\n<p class=\"has-text-align-right\">As nossas estampas e desenhos impressas em um corte retangular de madeira pinus com impress\u00e3o digital um vasinho. Um detalhe que pode ser preencher qualquer espacinho vazio. \u00c9 s\u00f3 pegar uma florzinha na rua ou at\u00e9 mesmo um enfeite seco para deixar o conjunto completo.<\/p>\n\n\n\n<p class=\"has-text-align-right\"><em>Seu dia com um toque de magia!<\/em><\/p>\n<\/div>\n\n\n\n<div class=\"wp-block-column is-vertically-aligned-center is-layout-flow\" style=\"flex-basis:60%\">\n<figure class=\"wp-block-gallery has-nested-images columns-default is-cropped wp-block-gallery-2 is-layout-flex\">\n<figure class=\"wp-block-image size-large is-style-rounded\"><img decoding=\"async\" loading=\"lazy\" width=\"1024\" height=\"1024\" src=\"https:\/\/everydaypattern.store\/br\/wp-content\/uploads\/sites\/3\/2022\/12\/capa_bigripa-1024x1024.jpg\" alt=\"\" class=\"wp-image-1211\" srcset=\"https:\/\/everydaypattern.store\/br\/wp-content\/uploads\/sites\/3\/2022\/12\/capa_bigripa-1024x1024.jpg 1024w, https:\/\/everydaypattern.store\/br\/wp-content\/uploads\/sites\/3\/2022\/12\/capa_bigripa-300x300.jpg 300w, https:\/\/everydaypattern.store\/br\/wp-content\/uploads\/sites\/3\/2022\/12\/capa_bigripa-150x150.jpg 150w, https:\/\/everydaypattern.store\/br\/wp-content\/uploads\/sites\/3\/2022\/12\/capa_bigripa-768x768.jpg 768w, https:\/\/everydaypattern.store\/br\/wp-content\/uploads\/sites\/3\/2022\/12\/capa_bigripa-750x750.jpg 750w, https:\/\/everydaypattern.store\/br\/wp-content\/uploads\/sites\/3\/2022\/12\/capa_bigripa-650x650.jpg 650w, https:\/\/everydaypattern.store\/br\/wp-content\/uploads\/sites\/3\/2022\/12\/capa_bigripa-100x100.jpg 100w, https:\/\/everydaypattern.store\/br\/wp-content\/uploads\/sites\/3\/2022\/12\/capa_bigripa-50x50.jpg 50w, https:\/\/everydaypattern.store\/br\/wp-content\/uploads\/sites\/3\/2022\/12\/capa_bigripa-64x64.jpg 64w, https:\/\/everydaypattern.store\/br\/wp-content\/uploads\/sites\/3\/2022\/12\/capa_bigripa.jpg 1500w\" sizes=\"(max-width: 1024px) 100vw, 1024px\" \/><\/figure>\n<\/figure>\n<\/div>\n<\/div>\n\n\n<div class=\"woocommerce columns-3 \"><ul class=\"products columns-3\">\n<li class=\"product type-product post-1152 status-publish first instock product_cat-big-ripa has-post-thumbnail shipping-taxable purchasable product-type-simple woo-variation-gallery-product\">\n\t<\/li>\n<li class=\"product type-product post-1151 status-publish instock product_cat-big-ripa has-post-thumbnail shipping-taxable purchasable product-type-simple woo-variation-gallery-product\">\n\t<\/li>\n<li class=\"product type-product post-1150 status-publish last instock product_cat-big-ripa has-post-thumbnail shipping-taxable purchasable product-type-simple woo-variation-gallery-product\">\n\t<\/li>\n<li class=\"product type-product post-1149 status-publish first instock product_cat-big-ripa has-post-thumbnail shipping-taxable purchasable product-type-simple woo-variation-gallery-product\">\n\t<\/li>\n<li class=\"product type-product post-1148 status-publish instock product_cat-big-ripa has-post-thumbnail shipping-taxable purchasable product-type-simple woo-variation-gallery-product\">\n\t<\/li>\n<li class=\"product type-product post-1147 status-publish last instock product_cat-big-ripa has-post-thumbnail shipping-taxable purchasable product-type-simple woo-variation-gallery-product\">\n\t<\/li>\n<li class=\"product type-product post-1139 status-publish first instock product_cat-big-ripa has-post-thumbnail shipping-taxable purchasable product-type-simple woo-variation-gallery-product\">\n\t<\/li>\n<\/ul>\n<\/div>\n","protected":false},"excerpt":{"rendered":"<p>Um pedacinho de madeira cheio de personalidade. As nossas estampas e desenhos impressas em um corte retangular de madeira pinus com impress\u00e3o digital um vasinho. Um detalhe que pode ser preencher qualquer espacinho vazio. \u00c9 s\u00f3 pegar uma florzinha na rua ou at\u00e9 mesmo um enfeite seco para deixar o conjunto completo. Seu dia com [&hellip;]<\/p>\n","protected":false},"author":1,"featured_media":0,"parent":0,"menu_order":0,"comment_status":"closed","ping_status":"closed","template":"","meta":{"inline_featured_image":false},"_links":{"self":[{"href":"https:\/\/everydaypattern.store\/br\/wp-json\/wp\/v2\/pages\/788"}],"collection":[{"href":"https:\/\/everydaypattern.store\/br\/wp-json\/wp\/v2\/pages"}],"about":[{"href":"https:\/\/everydaypattern.store\/br\/wp-json\/wp\/v2\/types\/page"}],"author":[{"embeddable":true,"href":"https:\/\/everydaypattern.store\/br\/wp-json\/wp\/v2\/users\/1"}],"replies":[{"embeddable":true,"href":"https:\/\/everydaypattern.store\/br\/wp-json\/wp\/v2\/comments?post=788"}],"version-history":[{"count":5,"href":"https:\/\/everydaypattern.store\/br\/wp-json\/wp\/v2\/pages\/788\/revisions"}],"predecessor-version":[{"id":1478,"href":"https:\/\/everydaypattern.store\/br\/wp-json\/wp\/v2\/pages\/788\/revisions\/1478"}],"wp:attachment":[{"href":"https:\/\/everydaypattern.store\/br\/wp-json\/wp\/v2\/media?parent=788"}],"curies":[{"name":"wp","href":"https:\/\/api.w.org\/{rel}","templated":true}]}}