{"id":789,"date":"2022-11-15T19:27:30","date_gmt":"2022-11-15T22:27:30","guid":{"rendered":"https:\/\/everydaypattern.store\/br\/?page_id=789"},"modified":"2022-12-10T16:19:40","modified_gmt":"2022-12-10T19:19:40","slug":"voador-quadrado","status":"publish","type":"page","link":"https:\/\/everydaypattern.store\/br\/voador-quadrado\/","title":{"rendered":"Voador Quadrado"},"content":{"rendered":"\n<div class=\"wp-block-columns col-full is-layout-flex wp-container-5\">\n<div class=\"wp-block-column is-vertically-aligned-center is-layout-flow\" style=\"flex-basis:40%\">\n<h3 class=\"has-text-align-right wp-block-heading\">O sonho de qualquer parede da casa.<\/h3>\n\n\n\n<p class=\"has-text-align-right\">Com 24 cent\u00edmetros de madeira s\u00f3lida, uma al\u00e7a de camur\u00e7a e uma de nossas lindas estampas feitas a m\u00e3o impressas digitalmente, voc\u00ea n\u00e3o tem mais desculpa para deixar sua parede vazia. Esse item em madeira pinus \u00e9 flex\u00edvel, sofisticado e cabe em qualquer c\u00f4modo da sua casa. <\/p>\n\n\n\n<p class=\"has-text-align-right\"><em>Seu dia com um toque de magia!<\/em><\/p>\n<\/div>\n\n\n\n<div class=\"wp-block-column is-vertically-aligned-center is-layout-flow\" style=\"flex-basis:60%\">\n<figure class=\"wp-block-gallery has-nested-images columns-default is-cropped wp-block-gallery-2 is-layout-flex\">\n<figure class=\"wp-block-image size-large is-style-rounded\"><img decoding=\"async\" loading=\"lazy\" width=\"1024\" height=\"1024\" src=\"https:\/\/everydaypattern.store\/br\/wp-content\/uploads\/sites\/3\/2022\/12\/capa_voadorquadrado2-1024x1024.jpg\" alt=\"\" class=\"wp-image-1209\" srcset=\"https:\/\/everydaypattern.store\/br\/wp-content\/uploads\/sites\/3\/2022\/12\/capa_voadorquadrado2-1024x1024.jpg 1024w, https:\/\/everydaypattern.store\/br\/wp-content\/uploads\/sites\/3\/2022\/12\/capa_voadorquadrado2-300x300.jpg 300w, https:\/\/everydaypattern.store\/br\/wp-content\/uploads\/sites\/3\/2022\/12\/capa_voadorquadrado2-150x150.jpg 150w, https:\/\/everydaypattern.store\/br\/wp-content\/uploads\/sites\/3\/2022\/12\/capa_voadorquadrado2-768x768.jpg 768w, https:\/\/everydaypattern.store\/br\/wp-content\/uploads\/sites\/3\/2022\/12\/capa_voadorquadrado2-750x750.jpg 750w, https:\/\/everydaypattern.store\/br\/wp-content\/uploads\/sites\/3\/2022\/12\/capa_voadorquadrado2-650x650.jpg 650w, https:\/\/everydaypattern.store\/br\/wp-content\/uploads\/sites\/3\/2022\/12\/capa_voadorquadrado2-100x100.jpg 100w, https:\/\/everydaypattern.store\/br\/wp-content\/uploads\/sites\/3\/2022\/12\/capa_voadorquadrado2-50x50.jpg 50w, https:\/\/everydaypattern.store\/br\/wp-content\/uploads\/sites\/3\/2022\/12\/capa_voadorquadrado2-64x64.jpg 64w, https:\/\/everydaypattern.store\/br\/wp-content\/uploads\/sites\/3\/2022\/12\/capa_voadorquadrado2.jpg 1500w\" sizes=\"(max-width: 1024px) 100vw, 1024px\" \/><\/figure>\n<\/figure>\n<\/div>\n<\/div>\n\n\n<div class=\"woocommerce columns-3 \"><ul class=\"products columns-3\">\n<li class=\"product type-product post-1175 status-publish first instock product_cat-quadrado-voador has-post-thumbnail shipping-taxable purchasable product-type-simple woo-variation-gallery-product\">\n\t<\/li>\n<li class=\"product type-product post-1174 status-publish instock product_cat-quadrado-voador has-post-thumbnail shipping-taxable purchasable product-type-simple woo-variation-gallery-product\">\n\t<\/li>\n<li class=\"product type-product post-1173 status-publish last instock product_cat-quadrado-voador has-post-thumbnail shipping-taxable purchasable product-type-simple woo-variation-gallery-product\">\n\t<\/li>\n<li class=\"product type-product post-1172 status-publish first instock product_cat-quadrado-voador has-post-thumbnail shipping-taxable purchasable product-type-simple woo-variation-gallery-product\">\n\t<\/li>\n<li class=\"product type-product post-1171 status-publish instock product_cat-quadrado-voador has-post-thumbnail shipping-taxable purchasable product-type-simple woo-variation-gallery-product\">\n\t<\/li>\n<li class=\"product type-product post-1170 status-publish last instock product_cat-quadrado-voador has-post-thumbnail shipping-taxable purchasable product-type-simple woo-variation-gallery-product\">\n\t<\/li>\n<li class=\"product type-product post-1169 status-publish first instock product_cat-quadrado-voador has-post-thumbnail shipping-taxable purchasable product-type-simple woo-variation-gallery-product\">\n\t<\/li>\n<li class=\"product type-product post-1168 status-publish instock product_cat-quadrado-voador has-post-thumbnail shipping-taxable purchasable product-type-simple woo-variation-gallery-product\">\n\t<\/li>\n<li class=\"product type-product post-1167 status-publish last instock product_cat-quadrado-voador has-post-thumbnail shipping-taxable purchasable product-type-simple woo-variation-gallery-product\">\n\t<\/li>\n<li class=\"product type-product post-1156 status-publish first instock product_cat-quadrado-voador has-post-thumbnail shipping-taxable purchasable product-type-simple woo-variation-gallery-product\">\n\t<\/li>\n<\/ul>\n<\/div>\n","protected":false},"excerpt":{"rendered":"<p>O sonho de qualquer parede da casa. Com 24 cent\u00edmetros de madeira s\u00f3lida, uma al\u00e7a de camur\u00e7a e uma de nossas lindas estampas feitas a m\u00e3o impressas digitalmente, voc\u00ea n\u00e3o tem mais desculpa para deixar sua parede vazia. Esse item em madeira pinus \u00e9 flex\u00edvel, sofisticado e cabe em qualquer c\u00f4modo da sua casa. Seu [&hellip;]<\/p>\n","protected":false},"author":1,"featured_media":0,"parent":0,"menu_order":0,"comment_status":"closed","ping_status":"closed","template":"","meta":{"inline_featured_image":false},"_links":{"self":[{"href":"https:\/\/everydaypattern.store\/br\/wp-json\/wp\/v2\/pages\/789"}],"collection":[{"href":"https:\/\/everydaypattern.store\/br\/wp-json\/wp\/v2\/pages"}],"about":[{"href":"https:\/\/everydaypattern.store\/br\/wp-json\/wp\/v2\/types\/page"}],"author":[{"embeddable":true,"href":"https:\/\/everydaypattern.store\/br\/wp-json\/wp\/v2\/users\/1"}],"replies":[{"embeddable":true,"href":"https:\/\/everydaypattern.store\/br\/wp-json\/wp\/v2\/comments?post=789"}],"version-history":[{"count":6,"href":"https:\/\/everydaypattern.store\/br\/wp-json\/wp\/v2\/pages\/789\/revisions"}],"predecessor-version":[{"id":1213,"href":"https:\/\/everydaypattern.store\/br\/wp-json\/wp\/v2\/pages\/789\/revisions\/1213"}],"wp:attachment":[{"href":"https:\/\/everydaypattern.store\/br\/wp-json\/wp\/v2\/media?parent=789"}],"curies":[{"name":"wp","href":"https:\/\/api.w.org\/{rel}","templated":true}]}}