{"id":793,"date":"2022-11-15T19:27:30","date_gmt":"2022-11-15T22:27:30","guid":{"rendered":"https:\/\/everydaypattern.store\/br\/?page_id=793"},"modified":"2022-12-18T00:00:23","modified_gmt":"2022-12-18T03:00:23","slug":"wood-ornamentos","status":"publish","type":"page","link":"https:\/\/everydaypattern.store\/br\/wood-ornamentos\/","title":{"rendered":"Ornamentos e Gift Tags"},"content":{"rendered":"\n<div class=\"wp-block-columns col-full is-layout-flex wp-container-5\">\n<div class=\"wp-block-column is-vertically-aligned-center is-layout-flow\" style=\"flex-basis:40%\">\n<h3 class=\"has-text-align-right wp-block-heading\">\u00c9 natal. E esses ornamentos v\u00e3o deixar tudo mais especial.<\/h3>\n\n\n\n<p class=\"has-text-align-right\">Esses ornamentos com impress\u00f5es exclusivas em madeira pinus v\u00e3o deixar sua \u00e1rvore ou seu presente ainda mais especial. Podem ser dados como presente, usados como ornamento de \u00e1rvore ou como tags que d\u00e3o ainda mais significado para seu presente . <\/p>\n\n\n\n<p class=\"has-text-align-right\"><em>Seu dia com um toque de magia!<\/em><\/p>\n<\/div>\n\n\n\n<div class=\"wp-block-column is-vertically-aligned-center is-layout-flow\" style=\"flex-basis:60%\">\n<figure class=\"wp-block-gallery has-nested-images columns-default is-cropped wp-block-gallery-2 is-layout-flex\">\n<figure class=\"wp-block-image size-large is-style-rounded\"><img decoding=\"async\" loading=\"lazy\" width=\"1024\" height=\"1024\" src=\"https:\/\/everydaypattern.store\/br\/wp-content\/uploads\/sites\/3\/2022\/12\/Ornaments-1024x1024.jpg\" alt=\"\" class=\"wp-image-1482\" srcset=\"https:\/\/everydaypattern.store\/br\/wp-content\/uploads\/sites\/3\/2022\/12\/Ornaments-1024x1024.jpg 1024w, https:\/\/everydaypattern.store\/br\/wp-content\/uploads\/sites\/3\/2022\/12\/Ornaments-300x300.jpg 300w, https:\/\/everydaypattern.store\/br\/wp-content\/uploads\/sites\/3\/2022\/12\/Ornaments-150x150.jpg 150w, https:\/\/everydaypattern.store\/br\/wp-content\/uploads\/sites\/3\/2022\/12\/Ornaments-768x768.jpg 768w, https:\/\/everydaypattern.store\/br\/wp-content\/uploads\/sites\/3\/2022\/12\/Ornaments-750x750.jpg 750w, https:\/\/everydaypattern.store\/br\/wp-content\/uploads\/sites\/3\/2022\/12\/Ornaments-650x650.jpg 650w, https:\/\/everydaypattern.store\/br\/wp-content\/uploads\/sites\/3\/2022\/12\/Ornaments-100x100.jpg 100w, https:\/\/everydaypattern.store\/br\/wp-content\/uploads\/sites\/3\/2022\/12\/Ornaments-50x50.jpg 50w, https:\/\/everydaypattern.store\/br\/wp-content\/uploads\/sites\/3\/2022\/12\/Ornaments-64x64.jpg 64w, https:\/\/everydaypattern.store\/br\/wp-content\/uploads\/sites\/3\/2022\/12\/Ornaments.jpg 1500w\" sizes=\"(max-width: 1024px) 100vw, 1024px\" \/><\/figure>\n<\/figure>\n<\/div>\n<\/div>\n\n\n<div class=\"woocommerce columns-3 \"><ul class=\"products columns-3\">\n<li class=\"product type-product post-1253 status-publish first instock product_cat-ornamentos has-post-thumbnail shipping-taxable purchasable product-type-simple woo-variation-gallery-product\">\n\t<\/li>\n<li class=\"product type-product post-1252 status-publish instock product_cat-ornamentos has-post-thumbnail shipping-taxable purchasable product-type-simple woo-variation-gallery-product\">\n\t<\/li>\n<li class=\"product type-product post-1251 status-publish last instock product_cat-ornamentos has-post-thumbnail shipping-taxable purchasable product-type-simple woo-variation-gallery-product\">\n\t<\/li>\n<li class=\"product type-product post-1250 status-publish first instock product_cat-ornamentos has-post-thumbnail shipping-taxable purchasable product-type-simple woo-variation-gallery-product\">\n\t<\/li>\n<li class=\"product type-product post-1249 status-publish instock product_cat-ornamentos has-post-thumbnail shipping-taxable purchasable product-type-simple woo-variation-gallery-product\">\n\t<\/li>\n<li class=\"product type-product post-1248 status-publish last instock product_cat-ornamentos has-post-thumbnail shipping-taxable purchasable product-type-simple woo-variation-gallery-product\">\n\t<\/li>\n<li class=\"product type-product post-1247 status-publish first instock product_cat-ornamentos has-post-thumbnail shipping-taxable purchasable product-type-simple woo-variation-gallery-product\">\n\t<\/li>\n<li class=\"product type-product post-1246 status-publish instock product_cat-ornamentos has-post-thumbnail shipping-taxable purchasable product-type-simple woo-variation-gallery-product\">\n\t<\/li>\n<li class=\"product type-product post-1245 status-publish last instock product_cat-ornamentos has-post-thumbnail shipping-taxable purchasable product-type-simple woo-variation-gallery-product\">\n\t<\/li>\n<li class=\"product type-product post-1234 status-publish first instock product_cat-ornamentos has-post-thumbnail shipping-taxable purchasable product-type-simple woo-variation-gallery-product\">\n\t<\/li>\n<\/ul>\n<\/div>\n","protected":false},"excerpt":{"rendered":"<p>\u00c9 natal. E esses ornamentos v\u00e3o deixar tudo mais especial. Esses ornamentos com impress\u00f5es exclusivas em madeira pinus v\u00e3o deixar sua \u00e1rvore ou seu presente ainda mais especial. Podem ser dados como presente, usados como ornamento de \u00e1rvore ou como tags que d\u00e3o ainda mais significado para seu presente . Seu dia com um toque [&hellip;]<\/p>\n","protected":false},"author":1,"featured_media":0,"parent":0,"menu_order":0,"comment_status":"closed","ping_status":"closed","template":"","meta":{"inline_featured_image":false},"_links":{"self":[{"href":"https:\/\/everydaypattern.store\/br\/wp-json\/wp\/v2\/pages\/793"}],"collection":[{"href":"https:\/\/everydaypattern.store\/br\/wp-json\/wp\/v2\/pages"}],"about":[{"href":"https:\/\/everydaypattern.store\/br\/wp-json\/wp\/v2\/types\/page"}],"author":[{"embeddable":true,"href":"https:\/\/everydaypattern.store\/br\/wp-json\/wp\/v2\/users\/1"}],"replies":[{"embeddable":true,"href":"https:\/\/everydaypattern.store\/br\/wp-json\/wp\/v2\/comments?post=793"}],"version-history":[{"count":6,"href":"https:\/\/everydaypattern.store\/br\/wp-json\/wp\/v2\/pages\/793\/revisions"}],"predecessor-version":[{"id":1483,"href":"https:\/\/everydaypattern.store\/br\/wp-json\/wp\/v2\/pages\/793\/revisions\/1483"}],"wp:attachment":[{"href":"https:\/\/everydaypattern.store\/br\/wp-json\/wp\/v2\/media?parent=793"}],"curies":[{"name":"wp","href":"https:\/\/api.w.org\/{rel}","templated":true}]}}