{"id":860,"date":"2022-11-23T15:45:01","date_gmt":"2022-11-23T18:45:01","guid":{"rendered":"https:\/\/everydaypattern.store\/br\/?page_id=860"},"modified":"2022-12-08T19:43:30","modified_gmt":"2022-12-08T22:43:30","slug":"sobre","status":"publish","type":"page","link":"https:\/\/everydaypattern.store\/br\/sobre\/","title":{"rendered":"Sobre"},"content":{"rendered":"\n<div style=\"height:18px\" aria-hidden=\"true\" class=\"wp-block-spacer\"><\/div>\n\n\n\n<div class=\"wp-block-columns is-layout-flex wp-container-3\">\n<div class=\"wp-block-column is-vertically-aligned-center is-layout-flow\" style=\"flex-basis:60%\">\n<h2 class=\"wp-block-heading\">Everyday Pattern<\/h2>\n\n\n\n<p>O est\u00fadio de design fundado por Mariana Agmont em 2014 em S\u00e3o Francisco na Calif\u00f3rnia nasceu do projeto pessoal para criar uma estampa por dia. Com uma galeria rica de estampas criadas ao longo dos anos Mariana come\u00e7ou a desenvolver produtos para uma vida cotidiana mais alegre e colorida. Nossos produtos s\u00e3o impressos, costurados e embalados no Brasil e estamos sempre em busca de qualidade, sustentabilidade, funcionalidade e claro, beleza.<\/p>\n<\/div>\n\n\n\n<div class=\"wp-block-column is-vertically-aligned-center is-layout-flow\" style=\"flex-basis:40%\"><div id=\"gutenslider-pr124n0o6\" class=\"wp-block-eedee-block-gutenslider content-change alignnone adaptive-height adaptive-height-md adaptive-height-sm arrow-style-1 arrow-position-sides arrow-mb-none arrows-lg-none arrows-md-none arrows-sm-none dot-style-1 dots-lg-none dots-md-none dots-sm-none dot-position-bottom is-position-center-center mb-none\" style=\"--gutenslider-min-height: 50vh;--gutenslider-arrow-size: 30px;--gutenslider-dot-size: 25px;--gutenslider-arrow-color: #ffffff;--gutenslider-dot-color: #ffffff;--gutenslider-padding-y-mobile: 40px;--gutenslider-padding-x-mobile: 40px;--gutenslider-padding-y-tablet: 40px;--gutenslider-padding-x-tablet: 40px;--gutenslider-padding-y-desktop: 40px;--gutenslider-padding-x-desktop: 40px;--gutenslider-bg-image: url();--gutenslider-min-height-md: 50vh;--gutenslider-min-height-sm: 50vh;--gutenslider-padding-x: 0px;--gutenslider-padding-x-md: 0px;--gutenslider-padding-x-sm: 0px;--gutenslider-padding-y: 0px;--gutenslider-padding-y-md: 0px;--gutenslider-padding-y-sm: 0px;--gutenslider-arrow-size-md: 30px;--gutenslider-arrow-size-sm: 30px;--gutenslider-dot-size-md: 25px;--gutenslider-dot-size-sm: 25px;--gutenslider-arrow-bg-color: transparent;--gutenslider-arrow-hover-color: #eeeeee;--gutenslider-arrow-bg-hover-color: transparent;--gutenslider-arrow-x-offset: 10px;--gutenslider-arrow-x-offset-md: 10px;--gutenslider-arrow-x-offset-sm: 10px;--gutenslider-arrow-y-offset: 0px;--gutenslider-arrow-y-offset-md: 0px;--gutenslider-arrow-y-offset-sm: 0px;--gutenslider-arrow-x-spacing: 0px;--gutenslider-dot-y-offset: 10px;--gutenslider-dot-y-offset-md: 10px;--gutenslider-dot-y-offset-sm: 10px;--gutenslider-margin-x: 0px;--gutenslider-margin-x-md: 0px;--gutenslider-margin-x-sm: 0px;--gutenslider-margin-y: 0px;--gutenslider-margin-y-md: 0px;--gutenslider-margin-y-sm: 0px;--gutenslider-divider-top: 60px;--gutenslider-divider-bottom: 60px;--gutenslider-lightgallery-bg: #ffffff;--gutenslider-lightgallery-font: #000000;\" data-parallax-direction=\"down\" data-parallax-amount=\"1.3\" data-lg-transition=\"lg-slide\" data-hash=\"\"><div class=\"eedee-swiper-outer\"><div class=\"gutenslider-divider-top\" style=\"color:#fff; height:60px;\"><\/div><div class=\"swiper\" data-settings='{\"autoplay\":{\"delay\":3000,\"pauseOnMouseEnter\":true,\"disableOnInteraction\":false},\"speed\":700,\"direction\":\"horizontal\",\"autoHeight\":\"1\",\"loop\":true,\"centeredSlides\":true,\"spaceBetween\":0,\"slidesPerView\":1,\"slidesPerGroup\":1,\"effect\":\"fade\",\"coverflowEffect\":{\"rotate\":30,\"slideShadows\":false,\"depth\":100,\"stretch\":50,\"modifier\":1},\"fadeEffect\":{\"crossFade\":true},\"zoom\":\"\",\"navigation\":{\"nextEl\":\"#gutenslider-pr124n0o6 .eedee-gutenslider-next\",\"prevEl\":\"#gutenslider-pr124n0o6 .eedee-gutenslider-prev\"},\"pagination\":{\"type\":\"bullets\",\"clickable\":true,\"dynamicBullets\":false,\"el\":\"#gutenslider-pr124n0o6 .eedee-gutenslider-pagination\"},\"pauseOnHover\":\"1\",\"watchSlidesProgress\":true,\"watchSlidesVisibility\":true,\"settingsMd\":{\"autoHeight\":\"1\",\"slidesPerView\":1,\"slidesPerGroup\":1,\"spaceBetween\":0},\"settingsLg\":{\"autoHeight\":\"1\",\"slidesPerView\":1,\"slidesPerGroup\":1,\"spaceBetween\":0},\"hasLg\":false,\"hasLgCounter\":true,\"isFullScreen\":false,\"arrowsFollowMouse\":false,\"lgTitle\":\"none\",\"lgCaption\":\"none\",\"lgThumbnails\":true,\"keyboard\":{\"keyboard\":{\"enabled\":true,\"onlyInViewport\":true}},\"hashNavigation\":false}'><div class=\"swiper-wrapper\">\n<div class=\"swiper-slide wp-block-eedee-block-gutenslide is-position-center-center ed-bg-image\" style=\"--ed-vw:300;--ed-vh:300;\" data-hash=\"\"><div class=\"eedee-background-div bg-image\"><img decoding=\"async\" loading=\"lazy\" width=\"1024\" height=\"1024\" class=\"swiper-lazy wp-image-194\" src=\"http:\/\/localhost\/everydaypattern\/wp-content\/uploads\/2021\/09\/1CAEF7E0-6D78-4E18-B86F-9228363D857B-1024x1024.jpg\" alt=\"\" style=\"object-fit: cover; object-position: 50% 50%;\" srcset=\"https:\/\/everydaypattern.store\/br\/wp-content\/uploads\/sites\/3\/2021\/09\/1CAEF7E0-6D78-4E18-B86F-9228363D857B-1024x1024.jpg 1024w, https:\/\/everydaypattern.store\/br\/wp-content\/uploads\/sites\/3\/2021\/09\/1CAEF7E0-6D78-4E18-B86F-9228363D857B-750x750.jpg 750w, https:\/\/everydaypattern.store\/br\/wp-content\/uploads\/sites\/3\/2021\/09\/1CAEF7E0-6D78-4E18-B86F-9228363D857B-300x300.jpg 300w, https:\/\/everydaypattern.store\/br\/wp-content\/uploads\/sites\/3\/2021\/09\/1CAEF7E0-6D78-4E18-B86F-9228363D857B-650x650.jpg 650w, https:\/\/everydaypattern.store\/br\/wp-content\/uploads\/sites\/3\/2021\/09\/1CAEF7E0-6D78-4E18-B86F-9228363D857B-64x64.jpg 64w, https:\/\/everydaypattern.store\/br\/wp-content\/uploads\/sites\/3\/2021\/09\/1CAEF7E0-6D78-4E18-B86F-9228363D857B-150x150.jpg 150w, https:\/\/everydaypattern.store\/br\/wp-content\/uploads\/sites\/3\/2021\/09\/1CAEF7E0-6D78-4E18-B86F-9228363D857B-768x768.jpg 768w, https:\/\/everydaypattern.store\/br\/wp-content\/uploads\/sites\/3\/2021\/09\/1CAEF7E0-6D78-4E18-B86F-9228363D857B.jpg 1500w\" sizes=\"(max-width: 1024px) 100vw, 1024px\" \/><div class=\"eedee-background-div__overlay\" style=\"opacity:1;\"><\/div><\/div><div class=\"slide-content\">\n\n<p class=\"has-text-align-center gutenslider-content-initial has-larger-font-size\"><\/p>\n\n<\/div><\/div>\n\n<div class=\"swiper-slide wp-block-eedee-block-gutenslide is-position-center-center ed-bg-image\" style=\"--ed-vw:300;--ed-vh:300;\" data-hash=\"\"><div class=\"eedee-background-div bg-image\"><img decoding=\"async\" loading=\"lazy\" width=\"1024\" height=\"1024\" class=\"swiper-lazy wp-image-220\" src=\"http:\/\/localhost\/everydaypattern\/wp-content\/uploads\/2021\/09\/IMG_5797-1024x1024.jpg\" alt=\"\" style=\"object-fit: cover; object-position: 50% 50%;\" srcset=\"https:\/\/everydaypattern.store\/br\/wp-content\/uploads\/sites\/3\/2021\/09\/IMG_5797-1024x1024.jpg 1024w, https:\/\/everydaypattern.store\/br\/wp-content\/uploads\/sites\/3\/2021\/09\/IMG_5797-750x750.jpg 750w, https:\/\/everydaypattern.store\/br\/wp-content\/uploads\/sites\/3\/2021\/09\/IMG_5797-300x300.jpg 300w, https:\/\/everydaypattern.store\/br\/wp-content\/uploads\/sites\/3\/2021\/09\/IMG_5797-650x650.jpg 650w, https:\/\/everydaypattern.store\/br\/wp-content\/uploads\/sites\/3\/2021\/09\/IMG_5797-64x64.jpg 64w, https:\/\/everydaypattern.store\/br\/wp-content\/uploads\/sites\/3\/2021\/09\/IMG_5797-150x150.jpg 150w, https:\/\/everydaypattern.store\/br\/wp-content\/uploads\/sites\/3\/2021\/09\/IMG_5797-768x768.jpg 768w, https:\/\/everydaypattern.store\/br\/wp-content\/uploads\/sites\/3\/2021\/09\/IMG_5797.jpg 1500w\" sizes=\"(max-width: 1024px) 100vw, 1024px\" \/><div class=\"eedee-background-div__overlay\" style=\"opacity:1;\"><\/div><\/div><div class=\"slide-content\">\n\n<p class=\"has-text-align-center gutenslider-content-initial has-larger-font-size\"><\/p>\n\n<\/div><\/div>\n\n<div class=\"swiper-slide wp-block-eedee-block-gutenslide is-position-center-center ed-bg-image\" style=\"--ed-vw:300;--ed-vh:300;\" data-hash=\"\"><div class=\"eedee-background-div bg-image\"><img decoding=\"async\" loading=\"lazy\" width=\"1024\" height=\"1024\" class=\"swiper-lazy wp-image-500\" src=\"http:\/\/localhost\/everydaypattern\/wp-content\/uploads\/2021\/10\/0D96432F-EE3D-4558-B47F-BD354BB44527-1024x1024.jpg\" alt=\"\" style=\"object-fit: cover; object-position: 50% 50%;\"  data-title=\"0D96432F-EE3D-4558-B47F-BD354BB44527\" srcset=\"https:\/\/everydaypattern.store\/br\/wp-content\/uploads\/sites\/3\/2021\/10\/0D96432F-EE3D-4558-B47F-BD354BB44527-1024x1024.jpg 1024w, https:\/\/everydaypattern.store\/br\/wp-content\/uploads\/sites\/3\/2021\/10\/0D96432F-EE3D-4558-B47F-BD354BB44527-300x300.jpg 300w, https:\/\/everydaypattern.store\/br\/wp-content\/uploads\/sites\/3\/2021\/10\/0D96432F-EE3D-4558-B47F-BD354BB44527-150x150.jpg 150w, https:\/\/everydaypattern.store\/br\/wp-content\/uploads\/sites\/3\/2021\/10\/0D96432F-EE3D-4558-B47F-BD354BB44527-768x768.jpg 768w, https:\/\/everydaypattern.store\/br\/wp-content\/uploads\/sites\/3\/2021\/10\/0D96432F-EE3D-4558-B47F-BD354BB44527-750x750.jpg 750w, https:\/\/everydaypattern.store\/br\/wp-content\/uploads\/sites\/3\/2021\/10\/0D96432F-EE3D-4558-B47F-BD354BB44527-650x650.jpg 650w, https:\/\/everydaypattern.store\/br\/wp-content\/uploads\/sites\/3\/2021\/10\/0D96432F-EE3D-4558-B47F-BD354BB44527-64x64.jpg 64w, https:\/\/everydaypattern.store\/br\/wp-content\/uploads\/sites\/3\/2021\/10\/0D96432F-EE3D-4558-B47F-BD354BB44527.jpg 1500w\" sizes=\"(max-width: 1024px) 100vw, 1024px\" \/><div class=\"eedee-background-div__overlay\" style=\"opacity:1;\"><\/div><\/div><div class=\"slide-content\">\n\n<p class=\"has-text-align-center gutenslider-content-initial has-larger-font-size\"><\/p>\n\n<\/div><\/div>\n\n<div class=\"swiper-slide wp-block-eedee-block-gutenslide is-position-center-center ed-bg-image\" style=\"--ed-vw:300;--ed-vh:300;\" data-hash=\"\"><div class=\"eedee-background-div bg-image\"><img decoding=\"async\" loading=\"lazy\" width=\"1024\" height=\"1024\" class=\"swiper-lazy wp-image-501\" src=\"http:\/\/localhost\/everydaypattern\/wp-content\/uploads\/2021\/10\/5F5D1C3E-A719-4A97-8799-93704B98E369-1024x1024.jpg\" alt=\"\" style=\"object-fit: cover; object-position: 50% 50%;\"  data-title=\"5F5D1C3E-A719-4A97-8799-93704B98E369\" srcset=\"https:\/\/everydaypattern.store\/br\/wp-content\/uploads\/sites\/3\/2021\/10\/5F5D1C3E-A719-4A97-8799-93704B98E369-1024x1024.jpg 1024w, https:\/\/everydaypattern.store\/br\/wp-content\/uploads\/sites\/3\/2021\/10\/5F5D1C3E-A719-4A97-8799-93704B98E369-300x300.jpg 300w, https:\/\/everydaypattern.store\/br\/wp-content\/uploads\/sites\/3\/2021\/10\/5F5D1C3E-A719-4A97-8799-93704B98E369-150x150.jpg 150w, https:\/\/everydaypattern.store\/br\/wp-content\/uploads\/sites\/3\/2021\/10\/5F5D1C3E-A719-4A97-8799-93704B98E369-768x768.jpg 768w, https:\/\/everydaypattern.store\/br\/wp-content\/uploads\/sites\/3\/2021\/10\/5F5D1C3E-A719-4A97-8799-93704B98E369-750x750.jpg 750w, https:\/\/everydaypattern.store\/br\/wp-content\/uploads\/sites\/3\/2021\/10\/5F5D1C3E-A719-4A97-8799-93704B98E369-650x650.jpg 650w, https:\/\/everydaypattern.store\/br\/wp-content\/uploads\/sites\/3\/2021\/10\/5F5D1C3E-A719-4A97-8799-93704B98E369-64x64.jpg 64w, https:\/\/everydaypattern.store\/br\/wp-content\/uploads\/sites\/3\/2021\/10\/5F5D1C3E-A719-4A97-8799-93704B98E369.jpg 1500w\" sizes=\"(max-width: 1024px) 100vw, 1024px\" \/><div class=\"eedee-background-div__overlay\" style=\"opacity:1;\"><\/div><\/div><div class=\"slide-content\">\n\n<p class=\"has-text-align-center gutenslider-content-initial has-larger-font-size\"><\/p>\n\n<\/div><\/div>\n\n<div class=\"swiper-slide wp-block-eedee-block-gutenslide is-position-center-center ed-bg-image\" style=\"--ed-vw:300;--ed-vh:300;\" data-hash=\"\"><div class=\"eedee-background-div bg-image\"><img decoding=\"async\" loading=\"lazy\" width=\"1024\" height=\"1024\" class=\"swiper-lazy wp-image-502\" src=\"http:\/\/localhost\/everydaypattern\/wp-content\/uploads\/2021\/10\/630BB732-60A4-4858-A6E4-22705BB8A4B7-2-1024x1024.jpg\" alt=\"\" style=\"object-fit: cover; object-position: 50% 50%;\"  data-title=\"630BB732-60A4-4858-A6E4-22705BB8A4B7-2\" srcset=\"https:\/\/everydaypattern.store\/br\/wp-content\/uploads\/sites\/3\/2021\/10\/630BB732-60A4-4858-A6E4-22705BB8A4B7-2-1024x1024.jpg 1024w, https:\/\/everydaypattern.store\/br\/wp-content\/uploads\/sites\/3\/2021\/10\/630BB732-60A4-4858-A6E4-22705BB8A4B7-2-300x300.jpg 300w, https:\/\/everydaypattern.store\/br\/wp-content\/uploads\/sites\/3\/2021\/10\/630BB732-60A4-4858-A6E4-22705BB8A4B7-2-150x150.jpg 150w, https:\/\/everydaypattern.store\/br\/wp-content\/uploads\/sites\/3\/2021\/10\/630BB732-60A4-4858-A6E4-22705BB8A4B7-2-768x768.jpg 768w, https:\/\/everydaypattern.store\/br\/wp-content\/uploads\/sites\/3\/2021\/10\/630BB732-60A4-4858-A6E4-22705BB8A4B7-2-750x750.jpg 750w, https:\/\/everydaypattern.store\/br\/wp-content\/uploads\/sites\/3\/2021\/10\/630BB732-60A4-4858-A6E4-22705BB8A4B7-2-650x650.jpg 650w, https:\/\/everydaypattern.store\/br\/wp-content\/uploads\/sites\/3\/2021\/10\/630BB732-60A4-4858-A6E4-22705BB8A4B7-2-64x64.jpg 64w, https:\/\/everydaypattern.store\/br\/wp-content\/uploads\/sites\/3\/2021\/10\/630BB732-60A4-4858-A6E4-22705BB8A4B7-2.jpg 1500w\" sizes=\"(max-width: 1024px) 100vw, 1024px\" \/><div class=\"eedee-background-div__overlay\" style=\"opacity:1;\"><\/div><\/div><div class=\"slide-content\">\n\n<p class=\"has-text-align-center gutenslider-content-initial has-larger-font-size\"><\/p>\n\n<\/div><\/div>\n<\/div><\/div><button class=\"eedee-gutenslider-nav eedee-gutenslider-prev\" aria-label=\"Previous Slide\" aria-disabled=\"false\"><svg xmlns=\"http:\/\/www.w3.org\/2000\/svg\" viewBox=\"0 0 24 24\" width=\"24\" height=\"24\"><circle class=\"bg\" cx=\"13\" cy=\"12\" r=\"11\" \/><path fill=\"none\" d=\"M0 0h24v24H0z\"\/><path class=\"arrow\" d=\"M10.828 12l4.95 4.95-1.414 1.414L8 12l6.364-6.364 1.414 1.414z\"\/><\/svg><\/button><button class=\"eedee-gutenslider-nav eedee-gutenslider-next\" aria-label=\"Next Slide\" aria-disabled=\"false\"><svg xmlns=\"http:\/\/www.w3.org\/2000\/svg\" viewBox=\"0 0 24 24\" width=\"24\" height=\"24\"><circle class=\"bg\" cx=\"11\" cy=\"12\" r=\"11\" \/><path fill=\"none\" d=\"M0 0h24v24H0z\"\/><path class=\"arrow\" d=\"M13.172 12l-4.95-4.95 1.414-1.414L16 12l-6.364 6.364-1.414-1.414z\"\/><\/svg><\/button><div class=\"eedee-gutenslider-pagination\"><\/div><\/div><div class=\"gutenslider-divider-bottom \" style=\"color:#fff; height:60px;\"><\/div><\/div><\/div>\n<\/div>\n\n\n\n<div style=\"height:18px\" aria-hidden=\"true\" class=\"wp-block-spacer\"><\/div>\n\n\n\n<div class=\"wp-block-group alignfull has-background is-layout-flow\" style=\"background-color:#ffd1e7\"><div class=\"wp-block-group__inner-container\">\n<div style=\"height:72px\" aria-hidden=\"true\" class=\"wp-block-spacer\"><\/div>\n\n\n\n<div class=\"wp-block-columns col-full is-layout-flex wp-container-6\">\n<div class=\"wp-block-column is-vertically-aligned-center is-layout-flow\" style=\"flex-basis:40%\">\n<figure class=\"wp-block-image size-full is-style-rounded\"><img decoding=\"async\" loading=\"lazy\" width=\"946\" height=\"946\" src=\"http:\/\/localhost\/everydaypattern\/wp-content\/uploads\/2021\/09\/Designer1.jpg\" alt=\"\" class=\"wp-image-195\" srcset=\"https:\/\/everydaypattern.store\/br\/wp-content\/uploads\/sites\/3\/2021\/09\/Designer1.jpg 946w, https:\/\/everydaypattern.store\/br\/wp-content\/uploads\/sites\/3\/2021\/09\/Designer1-750x750.jpg 750w, https:\/\/everydaypattern.store\/br\/wp-content\/uploads\/sites\/3\/2021\/09\/Designer1-300x300.jpg 300w, https:\/\/everydaypattern.store\/br\/wp-content\/uploads\/sites\/3\/2021\/09\/Designer1-650x650.jpg 650w, https:\/\/everydaypattern.store\/br\/wp-content\/uploads\/sites\/3\/2021\/09\/Designer1-64x64.jpg 64w, https:\/\/everydaypattern.store\/br\/wp-content\/uploads\/sites\/3\/2021\/09\/Designer1-150x150.jpg 150w, https:\/\/everydaypattern.store\/br\/wp-content\/uploads\/sites\/3\/2021\/09\/Designer1-768x768.jpg 768w\" sizes=\"(max-width: 946px) 100vw, 946px\" \/><\/figure>\n<\/div>\n\n\n\n<div class=\"wp-block-column is-vertically-aligned-center is-layout-flow\" style=\"flex-basis:60%\">\n<h2 class=\"wp-block-heading\">A artista<\/h2>\n\n\n\n<p>Designer de tecidos e superf\u00edcies formada pela Fashion Institute of Technology em Nova Yorque, Mariana cria suas estampas a m\u00e3o usando tintas, canetas e um pequeno sketchbook. Sua inspira\u00e7\u00e3o vem da natureza e a forte influ\u00eancia brasileira \u00e9 traduzida nas combina\u00e7\u00f5es de cores sofisticadas e vibrantes.<\/p>\n<\/div>\n<\/div>\n<\/div><\/div>\n\n\n\n<div style=\"height:90px\" aria-hidden=\"true\" class=\"wp-block-spacer\"><\/div>\n\n\n\n<div class=\"wp-block-columns is-layout-flex wp-container-10\">\n<div class=\"wp-block-column is-vertically-aligned-center is-layout-flow\" style=\"flex-basis:60%\">\n<h2 class=\"wp-block-heading\">No que Acreditamos<\/h2>\n\n\n\n<h3 class=\"has-text-color wp-block-heading\" style=\"color:#ff7ebb\">Vida com um toque de magia.<\/h3>\n\n\n\n<p>Na Everyday acreditamos que beleza \u00e9 contagiante. Ela entra no nosso cotidiano para nos fazer sorrir. Tudo o que fazemos tem o objetivo de melhorar nossas vidas dentro de casa e ao ar livre. Criamos produtos para uma vida mais consciente onde a beleza das estampas feitas a m\u00e3o s\u00e3o traduzidas em produtos dur\u00e1veis, pr\u00e1ticos e com multi funcionalidade. <\/p>\n<\/div>\n\n\n\n<div class=\"wp-block-column is-vertically-aligned-center is-layout-flow\" style=\"flex-basis:40%\">\n<figure class=\"wp-block-image size-large\"><img decoding=\"async\" loading=\"lazy\" width=\"1024\" height=\"1024\" src=\"http:\/\/localhost\/everydaypattern\/wp-content\/uploads\/2021\/09\/FigsStyled2_square-1024x1024.jpg\" alt=\"\" class=\"wp-image-142\" srcset=\"https:\/\/everydaypattern.store\/br\/wp-content\/uploads\/sites\/3\/2021\/09\/FigsStyled2_square-1024x1024.jpg 1024w, https:\/\/everydaypattern.store\/br\/wp-content\/uploads\/sites\/3\/2021\/09\/FigsStyled2_square-750x750.jpg 750w, https:\/\/everydaypattern.store\/br\/wp-content\/uploads\/sites\/3\/2021\/09\/FigsStyled2_square-300x300.jpg 300w, https:\/\/everydaypattern.store\/br\/wp-content\/uploads\/sites\/3\/2021\/09\/FigsStyled2_square-650x650.jpg 650w, https:\/\/everydaypattern.store\/br\/wp-content\/uploads\/sites\/3\/2021\/09\/FigsStyled2_square-64x64.jpg 64w, https:\/\/everydaypattern.store\/br\/wp-content\/uploads\/sites\/3\/2021\/09\/FigsStyled2_square-150x150.jpg 150w, https:\/\/everydaypattern.store\/br\/wp-content\/uploads\/sites\/3\/2021\/09\/FigsStyled2_square-768x768.jpg 768w, https:\/\/everydaypattern.store\/br\/wp-content\/uploads\/sites\/3\/2021\/09\/FigsStyled2_square.jpg 1500w\" sizes=\"(max-width: 1024px) 100vw, 1024px\" \/><\/figure>\n<\/div>\n<\/div>\n","protected":false},"excerpt":{"rendered":"<p>Everyday Pattern O est\u00fadio de design fundado por Mariana Agmont em 2014 em S\u00e3o Francisco na Calif\u00f3rnia nasceu do projeto pessoal para criar uma estampa por dia. Com uma galeria rica de estampas criadas ao longo dos anos Mariana come\u00e7ou a desenvolver produtos para uma vida cotidiana mais alegre e colorida. Nossos produtos s\u00e3o impressos, [&hellip;]<\/p>\n","protected":false},"author":1,"featured_media":0,"parent":0,"menu_order":0,"comment_status":"closed","ping_status":"closed","template":"","meta":{"inline_featured_image":false},"_links":{"self":[{"href":"https:\/\/everydaypattern.store\/br\/wp-json\/wp\/v2\/pages\/860"}],"collection":[{"href":"https:\/\/everydaypattern.store\/br\/wp-json\/wp\/v2\/pages"}],"about":[{"href":"https:\/\/everydaypattern.store\/br\/wp-json\/wp\/v2\/types\/page"}],"author":[{"embeddable":true,"href":"https:\/\/everydaypattern.store\/br\/wp-json\/wp\/v2\/users\/1"}],"replies":[{"embeddable":true,"href":"https:\/\/everydaypattern.store\/br\/wp-json\/wp\/v2\/comments?post=860"}],"version-history":[{"count":3,"href":"https:\/\/everydaypattern.store\/br\/wp-json\/wp\/v2\/pages\/860\/revisions"}],"predecessor-version":[{"id":950,"href":"https:\/\/everydaypattern.store\/br\/wp-json\/wp\/v2\/pages\/860\/revisions\/950"}],"wp:attachment":[{"href":"https:\/\/everydaypattern.store\/br\/wp-json\/wp\/v2\/media?parent=860"}],"curies":[{"name":"wp","href":"https:\/\/api.w.org\/{rel}","templated":true}]}}