{"id":145,"date":"2021-09-18T18:25:55","date_gmt":"2021-09-19T01:25:55","guid":{"rendered":"http:\/\/everydaypattern.store\/br\/?post_type=product&#038;p=145"},"modified":"2022-12-09T19:46:14","modified_gmt":"2022-12-09T22:46:14","slug":"blooming-pattern-blanket-tote","status":"publish","type":"product","link":"https:\/\/everydaypattern.store\/br\/produto\/blooming-pattern-blanket-tote\/","title":{"rendered":"Jardim <span>Tapete Picnic &#038; Tote<\/span>"},"content":{"rendered":"","protected":false},"excerpt":{"rendered":"<p>Essa toalha de picnic com tote \u00e9 a combina\u00e7\u00e3o perfeita para melhorar sua vida ao ar livre. Leve de carregar mas pesada o suficiente para n\u00e3o voar com o vento; dur\u00e1vel, pr\u00e1tica, a prova d&#8217;\u00e1gua, resistente e linda de morrer. F\u00e1cil de levar para qualquer lugar, seja praia, parque, montanha ou quintal. Desenvolvidas na Calif\u00f3rnia e produzidas a m\u00e3o no Brasil com os mais altos padr\u00f5es de qualidade, sustentabilidade e funcionalidade.<\/p>\n<p>Estampa exclusiva ilustrada por Mariana Agmont. Produzidas no Brasil.<\/p>\n","protected":false},"featured_media":188,"template":"","meta":{"inline_featured_image":false},"product_cat":[27,32],"product_tag":[],"_links":{"self":[{"href":"https:\/\/everydaypattern.store\/br\/wp-json\/wp\/v2\/product\/145"}],"collection":[{"href":"https:\/\/everydaypattern.store\/br\/wp-json\/wp\/v2\/product"}],"about":[{"href":"https:\/\/everydaypattern.store\/br\/wp-json\/wp\/v2\/types\/product"}],"wp:featuredmedia":[{"embeddable":true,"href":"https:\/\/everydaypattern.store\/br\/wp-json\/wp\/v2\/media\/188"}],"wp:attachment":[{"href":"https:\/\/everydaypattern.store\/br\/wp-json\/wp\/v2\/media?parent=145"}],"wp:term":[{"taxonomy":"product_cat","embeddable":true,"href":"https:\/\/everydaypattern.store\/br\/wp-json\/wp\/v2\/product_cat?post=145"},{"taxonomy":"product_tag","embeddable":true,"href":"https:\/\/everydaypattern.store\/br\/wp-json\/wp\/v2\/product_tag?post=145"}],"curies":[{"name":"wp","href":"https:\/\/api.w.org\/{rel}","templated":true}]}}