{"id":895,"date":"2022-12-08T16:06:11","date_gmt":"2022-12-08T19:06:11","guid":{"rendered":"https:\/\/everydaypattern.store\/br\/?post_type=product&#038;p=895"},"modified":"2022-12-22T08:25:53","modified_gmt":"2022-12-22T11:25:53","slug":"jogo-americano-caju","status":"publish","type":"product","link":"https:\/\/everydaypattern.store\/br\/produto\/jogo-americano-caju\/","title":{"rendered":"Jogo Americano Caju"},"content":{"rendered":"<p>30cm x 45cm<\/p>\n<h5>Estampas exclusivas impressas no tecido Panam\u00e1 Importado (Poliester).<\/h5>\n<h5>Costuradas a m\u00e3o, lav\u00e1veis, leves, n\u00e3o amarrotam facilmente.<\/h5>\n<h5>Feitas no Brasil.<\/h5>\n","protected":false},"excerpt":{"rendered":"<p>Para quem gosta de se divertir ao vestir uma mesa. Estampas iguais ou misturadas para uma mesa alegre, bonita e cheia de bom humor.\u00a0 F\u00e1ceis de limpar, pr\u00e1ticos e resistentes, nossos jogos americanos s\u00e3o exclusivos e impressos em tecido Panam\u00e1 importado.<\/p>\n","protected":false},"featured_media":1376,"template":"","meta":{"inline_featured_image":false},"product_cat":[31],"product_tag":[],"_links":{"self":[{"href":"https:\/\/everydaypattern.store\/br\/wp-json\/wp\/v2\/product\/895"}],"collection":[{"href":"https:\/\/everydaypattern.store\/br\/wp-json\/wp\/v2\/product"}],"about":[{"href":"https:\/\/everydaypattern.store\/br\/wp-json\/wp\/v2\/types\/product"}],"wp:featuredmedia":[{"embeddable":true,"href":"https:\/\/everydaypattern.store\/br\/wp-json\/wp\/v2\/media\/1376"}],"wp:attachment":[{"href":"https:\/\/everydaypattern.store\/br\/wp-json\/wp\/v2\/media?parent=895"}],"wp:term":[{"taxonomy":"product_cat","embeddable":true,"href":"https:\/\/everydaypattern.store\/br\/wp-json\/wp\/v2\/product_cat?post=895"},{"taxonomy":"product_tag","embeddable":true,"href":"https:\/\/everydaypattern.store\/br\/wp-json\/wp\/v2\/product_tag?post=895"}],"curies":[{"name":"wp","href":"https:\/\/api.w.org\/{rel}","templated":true}]}}