{"id":896,"date":"2022-12-08T16:12:41","date_gmt":"2022-12-08T19:12:41","guid":{"rendered":"https:\/\/everydaypattern.store\/br\/?post_type=product&#038;p=896"},"modified":"2022-12-19T15:33:56","modified_gmt":"2022-12-19T18:33:56","slug":"jogo-americano-figo","status":"publish","type":"product","link":"https:\/\/everydaypattern.store\/br\/produto\/jogo-americano-figo\/","title":{"rendered":"Jogo Americano Figo"},"content":{"rendered":"<p>30cm x 45cm<\/p>\n<p>Estampa exclusiva em Panam\u00e1 Importado (Poliester)<\/p>\n","protected":false},"excerpt":{"rendered":"<p>Para quem gosta de se divertir ao vestir uma mesa. Estampas iguais ou misturadas para uma mesa alegre, bonita e cheia de bom humor.\u00a0 F\u00e1ceis de limpar, pr\u00e1ticos e resistentes, nossos jogos americanos s\u00e3o exclusivos e impressos em tecido Panam\u00e1 importado.<\/p>\n","protected":false},"featured_media":880,"template":"","meta":{"inline_featured_image":false},"product_cat":[31],"product_tag":[],"_links":{"self":[{"href":"https:\/\/everydaypattern.store\/br\/wp-json\/wp\/v2\/product\/896"}],"collection":[{"href":"https:\/\/everydaypattern.store\/br\/wp-json\/wp\/v2\/product"}],"about":[{"href":"https:\/\/everydaypattern.store\/br\/wp-json\/wp\/v2\/types\/product"}],"wp:featuredmedia":[{"embeddable":true,"href":"https:\/\/everydaypattern.store\/br\/wp-json\/wp\/v2\/media\/880"}],"wp:attachment":[{"href":"https:\/\/everydaypattern.store\/br\/wp-json\/wp\/v2\/media?parent=896"}],"wp:term":[{"taxonomy":"product_cat","embeddable":true,"href":"https:\/\/everydaypattern.store\/br\/wp-json\/wp\/v2\/product_cat?post=896"},{"taxonomy":"product_tag","embeddable":true,"href":"https:\/\/everydaypattern.store\/br\/wp-json\/wp\/v2\/product_tag?post=896"}],"curies":[{"name":"wp","href":"https:\/\/api.w.org\/{rel}","templated":true}]}}