{"id":902,"date":"2022-12-08T16:21:03","date_gmt":"2022-12-08T19:21:03","guid":{"rendered":"https:\/\/everydaypattern.store\/br\/?post_type=product&#038;p=902"},"modified":"2022-12-21T17:50:13","modified_gmt":"2022-12-21T20:50:13","slug":"toalha-de-mesa-banana","status":"publish","type":"product","link":"https:\/\/everydaypattern.store\/br\/produto\/toalha-de-mesa-banana\/","title":{"rendered":"Toalha de Mesa Banana"},"content":{"rendered":"<h5><strong>P<\/strong> &#8211; Quadrada: 1,40 x 1,40 cm<\/h5>\n<h5><strong>M<\/strong> &#8211; Retangular: 1,40 x 2,00 cm<\/h5>\n<h5><strong>G<\/strong> &#8211; Retangular: 1,40 x 2,50 cm<\/h5>\n<h5>Estampas exclusivas impressas no tecido Panam\u00e1 Importado (Poliester).<\/h5>\n<h5>Costuradas a m\u00e3o, lav\u00e1veis, leves, n\u00e3o amarrotam facilmente.<\/h5>\n<h5>Feitas no Brasil.<\/h5>\n","protected":false},"excerpt":{"rendered":"<p>Dispon\u00edveis em tr\u00eas tamanhos essas toalhas v\u00e3o fazer voc\u00ea querer receber mais convidados. Coloridas, elegantes e pr\u00e1ticas, f\u00e1ceis de lavar e resistentes v\u00e3o transformar a sua mesa todos os dias. Agora todo dia \u00e9 dia de mesa bem vestida!<\/p>\n","protected":false},"featured_media":889,"template":"","meta":{"inline_featured_image":false},"product_cat":[33],"product_tag":[],"_links":{"self":[{"href":"https:\/\/everydaypattern.store\/br\/wp-json\/wp\/v2\/product\/902"}],"collection":[{"href":"https:\/\/everydaypattern.store\/br\/wp-json\/wp\/v2\/product"}],"about":[{"href":"https:\/\/everydaypattern.store\/br\/wp-json\/wp\/v2\/types\/product"}],"wp:featuredmedia":[{"embeddable":true,"href":"https:\/\/everydaypattern.store\/br\/wp-json\/wp\/v2\/media\/889"}],"wp:attachment":[{"href":"https:\/\/everydaypattern.store\/br\/wp-json\/wp\/v2\/media?parent=902"}],"wp:term":[{"taxonomy":"product_cat","embeddable":true,"href":"https:\/\/everydaypattern.store\/br\/wp-json\/wp\/v2\/product_cat?post=902"},{"taxonomy":"product_tag","embeddable":true,"href":"https:\/\/everydaypattern.store\/br\/wp-json\/wp\/v2\/product_tag?post=902"}],"curies":[{"name":"wp","href":"https:\/\/api.w.org\/{rel}","templated":true}]}}