{"id":917,"date":"2022-12-08T17:00:25","date_gmt":"2022-12-08T20:00:25","guid":{"rendered":"https:\/\/everydaypattern.store\/br\/?post_type=product&#038;p=917"},"modified":"2022-12-17T12:02:48","modified_gmt":"2022-12-17T15:02:48","slug":"toalha-de-mesa-tangerina","status":"publish","type":"product","link":"https:\/\/everydaypattern.store\/br\/produto\/toalha-de-mesa-tangerina\/","title":{"rendered":"Toalha de Mesa Tangerina"},"content":{"rendered":"<h5><strong>P<\/strong> &#8211; Quadrada: 1,40 x 1,40 cm<\/h5>\n<h5><strong>M<\/strong> &#8211; Retangular: 1,40 x 2,00 cm<\/h5>\n<h5><strong>G<\/strong> &#8211; Retangular: 1,40 x 2,50 cm<\/h5>\n<h5>Estampas exclusivas impressas no tecido Panam\u00e1 Importado (Poliester).<\/h5>\n<h5>Costuradas a m\u00e3o, lav\u00e1veis, leves, n\u00e3o amarrotam facilmente.<\/h5>\n<h5>Feitas no Brasil.<\/h5>\n","protected":false},"excerpt":{"rendered":"<p>Dispon\u00edveis em tr\u00eas tamanhos essas toalhas v\u00e3o fazer voc\u00ea querer receber mais convidados. Coloridas, elegantes e pr\u00e1ticas, f\u00e1ceis de lavar e resistentes v\u00e3o transformar a sua mesa todos os dias. Agora todo dia \u00e9 dia de mesa bem vestida!<\/p>\n","protected":false},"featured_media":886,"template":"","meta":{"inline_featured_image":false},"product_cat":[33],"product_tag":[],"_links":{"self":[{"href":"https:\/\/everydaypattern.store\/br\/wp-json\/wp\/v2\/product\/917"}],"collection":[{"href":"https:\/\/everydaypattern.store\/br\/wp-json\/wp\/v2\/product"}],"about":[{"href":"https:\/\/everydaypattern.store\/br\/wp-json\/wp\/v2\/types\/product"}],"wp:featuredmedia":[{"embeddable":true,"href":"https:\/\/everydaypattern.store\/br\/wp-json\/wp\/v2\/media\/886"}],"wp:attachment":[{"href":"https:\/\/everydaypattern.store\/br\/wp-json\/wp\/v2\/media?parent=917"}],"wp:term":[{"taxonomy":"product_cat","embeddable":true,"href":"https:\/\/everydaypattern.store\/br\/wp-json\/wp\/v2\/product_cat?post=917"},{"taxonomy":"product_tag","embeddable":true,"href":"https:\/\/everydaypattern.store\/br\/wp-json\/wp\/v2\/product_tag?post=917"}],"curies":[{"name":"wp","href":"https:\/\/api.w.org\/{rel}","templated":true}]}}